{"id":3405,"date":"2024-11-20T15:28:02","date_gmt":"2024-11-20T14:28:02","guid":{"rendered":"https:\/\/www.elmesias.es\/producto\/truffes-100-g\/"},"modified":"2024-11-20T15:28:02","modified_gmt":"2024-11-20T14:28:02","slug":"truffes-100-g","status":"publish","type":"product","link":"https:\/\/www.elmesias.es\/fr\/producto\/truffes-100-g\/","title":{"rendered":"Truffes &#8211; 100 g"},"content":{"rendered":"<p><em>\u00c9tui 100 g <\/em><\/p>\n<p><strong><em>Prix<\/em><\/strong><em> : 1,60 \u20ac\/unit\u00e9<\/em><\/p>\n<p><strong><u>Ingr\u00e9dients :<\/u> <\/strong>cr\u00e8me de cacao (sucre, huile de tournesol, LACTOS\u00c9RUM en poudre, cacao d\u00e9graiss\u00e9 en poudre, p\u00e2te de noisette, \u00e9mulsifiant : L\u00c9CITHINE DE SOJA, ar\u00f4mes et antioxydants : E-306 et E-304), enrobage de chocolat (sucre, graisse v\u00e9g\u00e9tale de palmiste, LACTOS\u00c9RUM en poudre, cacao en poudre d\u00e9graiss\u00e9, \u00e9mulsifiant : L\u00c9CITHINE DE SOJA et ar\u00f4me), sucre, cacao, LAIT en poudre et ar\u00f4me de brandy. Cacao : 15 % minimum. Peut contenir des traces de c\u00e9r\u00e9ales contenant du gluten, d\u2019\u0153uf, d\u2019arachide, d\u2019autres fruits \u00e0 coque, de s\u00e9same et de sulfites.   \u00c0 conserver dans un endroit frais et sec.<\/p>\n<p><strong><u>Informations nutritionnelles (100 g) :<\/u><\/strong><\/p>\n<ul>\n<li>Valeur \u00e9nerg\u00e9tique : 527 kcal<\/li>\n<li>Mati\u00e8res grasses : 29,1 g<\/li>\n<li>Acides gras satur\u00e9s : 7,9 g<\/li>\n<li>Glucides : 60,0 g<\/li>\n<li>Sucres : 23,4 g<\/li>\n<li>Prot\u00e9ines : 5,6 g<\/li>\n<li>Sel : 0,52 g<\/li>\n<\/ul>\n","protected":false},"excerpt":{"rendered":"<p>\u00c9tui 100 g Prix : 1,60 \u20ac\/unit\u00e9 Ingr\u00e9dients : cr\u00e8me de cacao (sucre, huile de tournesol, LACTOS\u00c9RUM en poudre, cacao d\u00e9graiss\u00e9 en poudre, p\u00e2te de noisette, \u00e9mulsifiant : L\u00c9CITHINE DE SOJA, ar\u00f4mes et antioxydants : E-306 et E-304), enrobage de chocolat (sucre, graisse v\u00e9g\u00e9tale de palmiste, LACTOS\u00c9RUM en poudre, cacao en poudre d\u00e9graiss\u00e9, \u00e9mulsifiant :<br \/><a class=\"moretag\" href=\"https:\/\/www.elmesias.es\/fr\/producto\/truffes-100-g\/\">+ Read More<\/a><\/p>\n","protected":false},"featured_media":2117,"comment_status":"closed","ping_status":"closed","template":"","meta":[],"product_brand":[],"product_cat":[74,82],"product_tag":[],"class_list":{"0":"post-3405","1":"product","2":"type-product","3":"status-publish","4":"has-post-thumbnail","6":"product_cat-lots-et-cadeaux","7":"product_cat-tortas-chocolats-et-massepains","9":"first","10":"outofstock","11":"shipping-taxable","12":"purchasable","13":"product-type-simple"},"_links":{"self":[{"href":"https:\/\/www.elmesias.es\/fr\/wp-json\/wp\/v2\/product\/3405","targetHints":{"allow":["GET"]}}],"collection":[{"href":"https:\/\/www.elmesias.es\/fr\/wp-json\/wp\/v2\/product"}],"about":[{"href":"https:\/\/www.elmesias.es\/fr\/wp-json\/wp\/v2\/types\/product"}],"replies":[{"embeddable":true,"href":"https:\/\/www.elmesias.es\/fr\/wp-json\/wp\/v2\/comments?post=3405"}],"wp:featuredmedia":[{"embeddable":true,"href":"https:\/\/www.elmesias.es\/fr\/wp-json\/wp\/v2\/media\/2117"}],"wp:attachment":[{"href":"https:\/\/www.elmesias.es\/fr\/wp-json\/wp\/v2\/media?parent=3405"}],"wp:term":[{"taxonomy":"product_brand","embeddable":true,"href":"https:\/\/www.elmesias.es\/fr\/wp-json\/wp\/v2\/product_brand?post=3405"},{"taxonomy":"product_cat","embeddable":true,"href":"https:\/\/www.elmesias.es\/fr\/wp-json\/wp\/v2\/product_cat?post=3405"},{"taxonomy":"product_tag","embeddable":true,"href":"https:\/\/www.elmesias.es\/fr\/wp-json\/wp\/v2\/product_tag?post=3405"}],"curies":[{"name":"wp","href":"https:\/\/api.w.org\/{rel}","templated":true}]}}