{"id":3407,"date":"2024-11-20T15:31:25","date_gmt":"2024-11-20T14:31:25","guid":{"rendered":"https:\/\/www.elmesias.es\/producto\/rockitas-crunch-80-g\/"},"modified":"2024-11-20T15:31:25","modified_gmt":"2024-11-20T14:31:25","slug":"rockitas-crunch-80-g","status":"publish","type":"product","link":"https:\/\/www.elmesias.es\/fr\/producto\/rockitas-crunch-80-g\/","title":{"rendered":"Rockitas Crunch &#8211; 80 g"},"content":{"rendered":"<p><em>Env. 80 g  <\/em><\/p>\n<p><strong><em>Prix<\/em><\/strong><em> : 1,20 \u20ac\/unit\u00e9<\/em><\/p>\n<p><strong><u>Ingr\u00e9dients :<\/u> <\/strong>Enrobage de chocolat (sucre, graisse v\u00e9g\u00e9tale de palmiste, LACTOS\u00c9RUM en poudre, cacao d\u00e9graiss\u00e9 en poudre, \u00e9mulsifiant : L\u00c9CITHINE DE SOJA et ar\u00f4me), flocons de ma\u00efs, riz souffl\u00e9, AMANDE, sucre et cannelle.<\/p>\n<p><strong><u>Informations nutritionnelles (100 g) :<\/u><\/strong><\/p>\n<ul>\n<li>Valeur \u00e9nerg\u00e9tique : 489 kcal<\/li>\n<li>Graisses : 22,4 g<\/li>\n<li>Acides gras satur\u00e9s : 10,0 g<\/li>\n<li>Glucides : 60,0 g<\/li>\n<li>Sucres : 42,1 g<\/li>\n<li>Prot\u00e9ines : 10,4 g<\/li>\n<li>Sel : 0,357 g<\/li>\n<\/ul>\n","protected":false},"excerpt":{"rendered":"<p>Env. 80 g Prix : 1,20 \u20ac\/unit\u00e9 Ingr\u00e9dients : Enrobage de chocolat (sucre, graisse v\u00e9g\u00e9tale de palmiste, LACTOS\u00c9RUM en poudre, cacao d\u00e9graiss\u00e9 en poudre, \u00e9mulsifiant : L\u00c9CITHINE DE SOJA et ar\u00f4me), flocons de ma\u00efs, riz souffl\u00e9, AMANDE, sucre et cannelle. Informations nutritionnelles (100 g) : Valeur \u00e9nerg\u00e9tique : 489 kcal Graisses : 22,4 g Acides<br \/><a class=\"moretag\" href=\"https:\/\/www.elmesias.es\/fr\/producto\/rockitas-crunch-80-g\/\">+ Read More<\/a><\/p>\n","protected":false},"featured_media":2121,"comment_status":"closed","ping_status":"closed","template":"","meta":[],"product_brand":[],"product_cat":[74,82],"product_tag":[],"class_list":{"0":"post-3407","1":"product","2":"type-product","3":"status-publish","4":"has-post-thumbnail","6":"product_cat-lots-et-cadeaux","7":"product_cat-tortas-chocolats-et-massepains","9":"first","10":"outofstock","11":"shipping-taxable","12":"purchasable","13":"product-type-simple"},"_links":{"self":[{"href":"https:\/\/www.elmesias.es\/fr\/wp-json\/wp\/v2\/product\/3407","targetHints":{"allow":["GET"]}}],"collection":[{"href":"https:\/\/www.elmesias.es\/fr\/wp-json\/wp\/v2\/product"}],"about":[{"href":"https:\/\/www.elmesias.es\/fr\/wp-json\/wp\/v2\/types\/product"}],"replies":[{"embeddable":true,"href":"https:\/\/www.elmesias.es\/fr\/wp-json\/wp\/v2\/comments?post=3407"}],"wp:featuredmedia":[{"embeddable":true,"href":"https:\/\/www.elmesias.es\/fr\/wp-json\/wp\/v2\/media\/2121"}],"wp:attachment":[{"href":"https:\/\/www.elmesias.es\/fr\/wp-json\/wp\/v2\/media?parent=3407"}],"wp:term":[{"taxonomy":"product_brand","embeddable":true,"href":"https:\/\/www.elmesias.es\/fr\/wp-json\/wp\/v2\/product_brand?post=3407"},{"taxonomy":"product_cat","embeddable":true,"href":"https:\/\/www.elmesias.es\/fr\/wp-json\/wp\/v2\/product_cat?post=3407"},{"taxonomy":"product_tag","embeddable":true,"href":"https:\/\/www.elmesias.es\/fr\/wp-json\/wp\/v2\/product_tag?post=3407"}],"curies":[{"name":"wp","href":"https:\/\/api.w.org\/{rel}","templated":true}]}}