{"id":3409,"date":"2024-11-20T15:33:30","date_gmt":"2024-11-20T14:33:30","guid":{"rendered":"https:\/\/www.elmesias.es\/producto\/gateau-au-chocolat-croquant-100-g\/"},"modified":"2024-11-20T15:33:30","modified_gmt":"2024-11-20T14:33:30","slug":"gateau-au-chocolat-croquant-100-g","status":"publish","type":"product","link":"https:\/\/www.elmesias.es\/fr\/producto\/gateau-au-chocolat-croquant-100-g\/","title":{"rendered":"G\u00e2teau au Chocolat Croquant &#8211; 100 g"},"content":{"rendered":"<p><em>Env. 100 g  <\/em><\/p>\n<p><strong><em>Prix<\/em><\/strong><em> : 2,50 \u20ac\/unit\u00e9<\/em><\/p>\n<p><strong><u>Ingr\u00e9dients :<\/u><\/strong> couverture de chocolat (sucre, mati\u00e8re grasse v\u00e9g\u00e9tale, LACTOS\u00c9RUM en poudre, cacao en poudre d\u00e9graiss\u00e9, \u00e9mulsifiant : L\u00c9CITHINE DE SOJA et ar\u00f4me), riz souffl\u00e9 (10 %). Contient du gluten. Peut contenir des traces d&rsquo;\u0153uf, d&rsquo;arachide, de fruits \u00e0 coque, de s\u00e9same et de sulfites. Conserver dans un endroit frais et sec.   <\/p>\n<p><strong><u>Informations nutritionnelles (100 g) :<\/u><\/strong><\/p>\n<ul>\n<li>Valeur \u00e9nerg\u00e9tique : 526 kcal<\/li>\n<li>Mati\u00e8res grasses : 29,0 g<\/li>\n<li>Satur\u00e9es : 17,4 g<\/li>\n<li>Glucides : 56,7 g<\/li>\n<li>Sucres : 51,2 g<\/li>\n<li>Prot\u00e9ines : 9,0 g<\/li>\n<li>Sel : 0,228 g<\/li>\n<\/ul>\n","protected":false},"excerpt":{"rendered":"<p>Env. 100 g Prix : 2,50 \u20ac\/unit\u00e9 Ingr\u00e9dients : couverture de chocolat (sucre, mati\u00e8re grasse v\u00e9g\u00e9tale, LACTOS\u00c9RUM en poudre, cacao en poudre d\u00e9graiss\u00e9, \u00e9mulsifiant : L\u00c9CITHINE DE SOJA et ar\u00f4me), riz souffl\u00e9 (10 %). Contient du gluten. Peut contenir des traces d&rsquo;\u0153uf, d&rsquo;arachide, de fruits \u00e0 coque, de s\u00e9same et de sulfites. Conserver dans un<br \/><a class=\"moretag\" href=\"https:\/\/www.elmesias.es\/fr\/producto\/gateau-au-chocolat-croquant-100-g\/\">+ Read More<\/a><\/p>\n","protected":false},"featured_media":2123,"comment_status":"closed","ping_status":"closed","template":"","meta":[],"product_brand":[],"product_cat":[74,82],"product_tag":[],"class_list":{"0":"post-3409","1":"product","2":"type-product","3":"status-publish","4":"has-post-thumbnail","6":"product_cat-lots-et-cadeaux","7":"product_cat-tortas-chocolats-et-massepains","9":"first","10":"instock","11":"shipping-taxable","12":"purchasable","13":"product-type-simple"},"_links":{"self":[{"href":"https:\/\/www.elmesias.es\/fr\/wp-json\/wp\/v2\/product\/3409","targetHints":{"allow":["GET"]}}],"collection":[{"href":"https:\/\/www.elmesias.es\/fr\/wp-json\/wp\/v2\/product"}],"about":[{"href":"https:\/\/www.elmesias.es\/fr\/wp-json\/wp\/v2\/types\/product"}],"replies":[{"embeddable":true,"href":"https:\/\/www.elmesias.es\/fr\/wp-json\/wp\/v2\/comments?post=3409"}],"wp:featuredmedia":[{"embeddable":true,"href":"https:\/\/www.elmesias.es\/fr\/wp-json\/wp\/v2\/media\/2123"}],"wp:attachment":[{"href":"https:\/\/www.elmesias.es\/fr\/wp-json\/wp\/v2\/media?parent=3409"}],"wp:term":[{"taxonomy":"product_brand","embeddable":true,"href":"https:\/\/www.elmesias.es\/fr\/wp-json\/wp\/v2\/product_brand?post=3409"},{"taxonomy":"product_cat","embeddable":true,"href":"https:\/\/www.elmesias.es\/fr\/wp-json\/wp\/v2\/product_cat?post=3409"},{"taxonomy":"product_tag","embeddable":true,"href":"https:\/\/www.elmesias.es\/fr\/wp-json\/wp\/v2\/product_tag?post=3409"}],"curies":[{"name":"wp","href":"https:\/\/api.w.org\/{rel}","templated":true}]}}