{"id":3413,"date":"2024-11-20T11:52:07","date_gmt":"2024-11-20T10:52:07","guid":{"rendered":"https:\/\/www.elmesias.es\/producto\/assortiment-de-noel-12-specialites-2-400-g\/"},"modified":"2024-11-20T11:52:07","modified_gmt":"2024-11-20T10:52:07","slug":"assortiment-de-noel-12-specialites-2-400-g","status":"publish","type":"product","link":"https:\/\/www.elmesias.es\/fr\/producto\/assortiment-de-noel-12-specialites-2-400-g\/","title":{"rendered":"Assortiment de No\u00ebl 12 Sp\u00e9cialit\u00e9s &#8211; 2 400 g"},"content":{"rendered":"<p><em>Env. 2 400 g <\/em><\/p>\n<p><strong><em>Prix<\/em><\/strong><em> : 25,00 \u20ac\/unit\u00e9<\/em><\/p>\n<p>Certification IGP<\/p>\n<p><strong><u>Contenu :<\/u> <\/strong>L\u2019<strong>ASSORTIMENT CLASSIQUE<\/strong> de No\u00ebl, avec des produits de 12 sp\u00e9cialit\u00e9s. Mantecado d\u2019Estepa \u00e0 la cannelle, Mantecado d\u2019Estepa au citron, Mantecado d\u2019Estepa au cacao, Mantecado d\u2019Estepa aux amandes, Polvor\u00f3n d\u2019Estepa aux amandes (9 %), Rosco de vino, Mantecado bomb\u00f3n, Polvor\u00f3n bomb\u00f3n, Chocoarito, Primorosa aux amandes, Amandine croustillante et Amande de gaufrette fourr\u00e9e. <\/p>\n<p>Vous ne saurez par o\u00f9 commencer. Les saveurs d\u2019antan. Un assortiment tr\u00e8s complet.  <\/p>\n<p><strong><u>Ingr\u00e9dients :<\/u><\/strong> FARINE DE BL\u00c9, graisse de porc (extrait de romarin ac. citrique), sucre, AMANDE, enrobage chocolat (sucre, mati\u00e8re grasse v\u00e9g\u00e9tale de palmiste, LACTOS\u00c9RUM en poudre, cacao en poudre d\u00e9graiss\u00e9, \u00e9mulsifiant : l\u00e9cithine de SOJA et ar\u00f4me), vin (SULFITES), cannelle, cacao, S\u00c9SAME, anis vert, GAUFRETTE (FARINE DE BL\u00c9, \u00e9mulsifiant : l\u00e9cithine de soja, poudre \u00e0 lever : bicarbonate de sodium), clou de girofle, vanilline et ar\u00f4me de citron. Peut contenir des traces d\u2019\u0153uf, d\u2019arachide, d\u2019autres fruits \u00e0 coque et de moutarde.  \u00c0 conserver dans un endroit frais et sec.<\/p>\n<p><strong><u>Informations nutritionnelles (100 g) :<\/u><\/strong><\/p>\n<ul>\n<li>Valeur \u00e9nerg\u00e9tique : 482 kcal\/2021 kJ<\/li>\n<li>Mati\u00e8res grasses : 25,0 g<\/li>\n<li>Acides gras satur\u00e9s : 9,8 g<\/li>\n<li>Glucides : 57,0 g<\/li>\n<li>Sucres : 22,3 g<\/li>\n<li>Prot\u00e9ines : 5,6 g<\/li>\n<li>Sel : 0,021 g<\/li>\n<\/ul>\n","protected":false},"excerpt":{"rendered":"<p>Env. 2 400 g Prix : 25,00 \u20ac\/unit\u00e9 Certification IGP Contenu : L\u2019ASSORTIMENT CLASSIQUE de No\u00ebl, avec des produits de 12 sp\u00e9cialit\u00e9s. Mantecado d\u2019Estepa \u00e0 la cannelle, Mantecado d\u2019Estepa au citron, Mantecado d\u2019Estepa au cacao, Mantecado d\u2019Estepa aux amandes, Polvor\u00f3n d\u2019Estepa aux amandes (9 %), Rosco de vino, Mantecado bomb\u00f3n, Polvor\u00f3n bomb\u00f3n, Chocoarito, Primorosa aux<br \/><a class=\"moretag\" href=\"https:\/\/www.elmesias.es\/fr\/producto\/assortiment-de-noel-12-specialites-2-400-g\/\">+ Read More<\/a><\/p>\n","protected":false},"featured_media":2111,"comment_status":"closed","ping_status":"closed","template":"","meta":[],"product_brand":[],"product_cat":[83,78],"product_tag":[],"class_list":{"0":"post-3413","1":"product","2":"type-product","3":"status-publish","4":"has-post-thumbnail","6":"product_cat-assortiment-classique","7":"product_cat-coffrets-campagne","9":"first","10":"instock","11":"shipping-taxable","12":"purchasable","13":"product-type-simple"},"_links":{"self":[{"href":"https:\/\/www.elmesias.es\/fr\/wp-json\/wp\/v2\/product\/3413","targetHints":{"allow":["GET"]}}],"collection":[{"href":"https:\/\/www.elmesias.es\/fr\/wp-json\/wp\/v2\/product"}],"about":[{"href":"https:\/\/www.elmesias.es\/fr\/wp-json\/wp\/v2\/types\/product"}],"replies":[{"embeddable":true,"href":"https:\/\/www.elmesias.es\/fr\/wp-json\/wp\/v2\/comments?post=3413"}],"wp:featuredmedia":[{"embeddable":true,"href":"https:\/\/www.elmesias.es\/fr\/wp-json\/wp\/v2\/media\/2111"}],"wp:attachment":[{"href":"https:\/\/www.elmesias.es\/fr\/wp-json\/wp\/v2\/media?parent=3413"}],"wp:term":[{"taxonomy":"product_brand","embeddable":true,"href":"https:\/\/www.elmesias.es\/fr\/wp-json\/wp\/v2\/product_brand?post=3413"},{"taxonomy":"product_cat","embeddable":true,"href":"https:\/\/www.elmesias.es\/fr\/wp-json\/wp\/v2\/product_cat?post=3413"},{"taxonomy":"product_tag","embeddable":true,"href":"https:\/\/www.elmesias.es\/fr\/wp-json\/wp\/v2\/product_tag?post=3413"}],"curies":[{"name":"wp","href":"https:\/\/api.w.org\/{rel}","templated":true}]}}