{"id":3414,"date":"2024-11-20T11:53:29","date_gmt":"2024-11-20T10:53:29","guid":{"rendered":"https:\/\/www.elmesias.es\/producto\/plateau-assortiment-classique-12-specialites-700-g\/"},"modified":"2024-11-20T11:53:29","modified_gmt":"2024-11-20T10:53:29","slug":"plateau-assortiment-classique-12-specialites-700-g","status":"publish","type":"product","link":"https:\/\/www.elmesias.es\/fr\/producto\/plateau-assortiment-classique-12-specialites-700-g\/","title":{"rendered":"Plateau Assortiment Classique 12 Sp\u00e9cialit\u00e9s &#8211; 700 g"},"content":{"rendered":"<p><em>Env. 700 g <\/em><\/p>\n<p><strong><em>Prix<\/em><\/strong><em>: 8,00 \u20ac\/unit\u00e9<\/em><\/p>\n<p>Certification IGP<\/p>\n<p><strong><u>Contenu :<\/u><\/strong> Plateau d\u2019assortiment de No\u00ebl avec 13 produits de 12 sp\u00e9cialit\u00e9s (Mantecado d\u2019Estepa au citron, Mantecado d\u2019Estepa au cacao, Mantecado d\u2019Estepa \u00e0 la cannelle, Mantecado d\u2019Estepa aux amandes, Polvor\u00f3n d\u2019Estepa aux amandes, Rosco de Vino, Primorosa aux amandes, Alfajor aux amandes, Amandine croustillante, Petites amandes fourr\u00e9es, Polvor\u00f3n Bomb\u00f3n et Mantecado Bomb\u00f3n).<\/p>\n<p><strong><u>Ingr\u00e9dients<\/u> :<\/strong> FARINE DE BL\u00c9, sucre, saindoux, AMANDES, couverture chocolat (SOJA, LAIT), vin, cannelle, cacao, s\u00e9same, anis vert, HOSTIE (SOJA), vanilline, clou de girofle, ar\u00f4me citron. Peut contenir des traces d\u2019\u0153uf, d\u2019arachides, d\u2019autres fruits \u00e0 coque et de sulfites. <\/p>\n<p><strong><u>Informations nutritionnelles (100 g) :<\/u><\/strong><\/p>\n<ul>\n<li>Valeur \u00e9nerg\u00e9tique 477 kcal\/1996 kj<\/li>\n<li>Mati\u00e8res grasses 24,6 g<\/li>\n<li>Dont satur\u00e9es 9,5 g<\/li>\n<li>Glucides 56,1 g<\/li>\n<li>Dont sucres 19,9 g<\/li>\n<li>Prot\u00e9ines 5,7 g<\/li>\n<li>Sel 0,017 g<\/li>\n<\/ul>\n","protected":false},"excerpt":{"rendered":"<p>Env. 700 g Prix: 8,00 \u20ac\/unit\u00e9 Certification IGP Contenu : Plateau d\u2019assortiment de No\u00ebl avec 13 produits de 12 sp\u00e9cialit\u00e9s (Mantecado d\u2019Estepa au citron, Mantecado d\u2019Estepa au cacao, Mantecado d\u2019Estepa \u00e0 la cannelle, Mantecado d\u2019Estepa aux amandes, Polvor\u00f3n d\u2019Estepa aux amandes, Rosco de Vino, Primorosa aux amandes, Alfajor aux amandes, Amandine croustillante, Petites amandes fourr\u00e9es,<br \/><a class=\"moretag\" href=\"https:\/\/www.elmesias.es\/fr\/producto\/plateau-assortiment-classique-12-specialites-700-g\/\">+ Read More<\/a><\/p>\n","protected":false},"featured_media":2114,"comment_status":"closed","ping_status":"closed","template":"","meta":[],"product_brand":[],"product_cat":[83,78],"product_tag":[],"class_list":{"0":"post-3414","1":"product","2":"type-product","3":"status-publish","4":"has-post-thumbnail","6":"product_cat-assortiment-classique","7":"product_cat-coffrets-campagne","9":"first","10":"instock","11":"shipping-taxable","12":"purchasable","13":"product-type-simple"},"_links":{"self":[{"href":"https:\/\/www.elmesias.es\/fr\/wp-json\/wp\/v2\/product\/3414","targetHints":{"allow":["GET"]}}],"collection":[{"href":"https:\/\/www.elmesias.es\/fr\/wp-json\/wp\/v2\/product"}],"about":[{"href":"https:\/\/www.elmesias.es\/fr\/wp-json\/wp\/v2\/types\/product"}],"replies":[{"embeddable":true,"href":"https:\/\/www.elmesias.es\/fr\/wp-json\/wp\/v2\/comments?post=3414"}],"wp:featuredmedia":[{"embeddable":true,"href":"https:\/\/www.elmesias.es\/fr\/wp-json\/wp\/v2\/media\/2114"}],"wp:attachment":[{"href":"https:\/\/www.elmesias.es\/fr\/wp-json\/wp\/v2\/media?parent=3414"}],"wp:term":[{"taxonomy":"product_brand","embeddable":true,"href":"https:\/\/www.elmesias.es\/fr\/wp-json\/wp\/v2\/product_brand?post=3414"},{"taxonomy":"product_cat","embeddable":true,"href":"https:\/\/www.elmesias.es\/fr\/wp-json\/wp\/v2\/product_cat?post=3414"},{"taxonomy":"product_tag","embeddable":true,"href":"https:\/\/www.elmesias.es\/fr\/wp-json\/wp\/v2\/product_tag?post=3414"}],"curies":[{"name":"wp","href":"https:\/\/api.w.org\/{rel}","templated":true}]}}