{"id":3416,"date":"2024-11-20T11:36:20","date_gmt":"2024-11-20T10:36:20","guid":{"rendered":"https:\/\/www.elmesias.es\/producto\/assortiment-de-specialites-et-petits-gateaux-400-g\/"},"modified":"2024-11-20T11:36:20","modified_gmt":"2024-11-20T10:36:20","slug":"assortiment-de-specialites-et-petits-gateaux-400-g","status":"publish","type":"product","link":"https:\/\/www.elmesias.es\/fr\/producto\/assortiment-de-specialites-et-petits-gateaux-400-g\/","title":{"rendered":"Assortiment de Sp\u00e9cialit\u00e9s et Petits G\u00e2teaux &#8211; 400 g"},"content":{"rendered":"<p><em>Poids net : 400 g <\/em><\/p>\n<p><strong><em>Prix<\/em><\/strong><em> : 6,00 \u20ac\/unit\u00e9<\/em><\/p>\n<p>Certification IGP<\/p>\n<p><strong><u>Contenu :<\/u> <\/strong>S\u00e9lection de sp\u00e9cialit\u00e9s. Contient 16 sp\u00e9cialit\u00e9s diff\u00e9rentes : Traditionnelles, sp\u00e9cialit\u00e9s aux amandes, bonbons, massepains, tourron et drag\u00e9es. <\/p>\n<p><strong><u>Ingr\u00e9dients :<\/u><\/strong> FARINE DE BL\u00c9, sucre, graisse de porc, AMANDE, couverture de chocolat (sucre, graisse v\u00e9g\u00e9tale de palmiste, LACTOS\u00c9RUM en poudre, cacao en poudre d\u00e9graiss\u00e9, \u00e9mulsifiant : l\u00e9cithine de SOJA et ar\u00f4me), cr\u00e8me de patate douce (patate douce, sucre, sirop de glucose, conservateurs : E-200 et E-202, ar\u00f4me cannelle), noix de coco r\u00e2p\u00e9e, vin, sirop de glucose, garniture au JAUNE D\u2019\u0152UF (jaune d\u2019\u0152UF, sucre, sirop de glucose, conservateur : E-200, stabilisant : E-466 et acidifiant : E-330), cannelle, graisse v\u00e9g\u00e9tale de palme, cacao, PIGNONS, LAIT, sorbitol, S\u00c9SAME, anis vert, NOISETTE, ar\u00f4me de citron, vanilline, clou de girofle, conservateur : E-202 et acidifiant : E-330.<\/p>\n<p>Peut contenir des traces d\u2019arachide, de soja, d\u2019autres fruits \u00e0 coque et de sulfites. \u00c0 conserver dans un endroit frais et sec.<\/p>\n<p><strong><u>Informations nutritionnelles (100 g) :<\/u><\/strong><\/p>\n<ul>\n<li>Valeur \u00e9nerg\u00e9tique : 452 kcal\/1889 kJ<\/li>\n<li>Mati\u00e8res grasses : 23,1 g<\/li>\n<li>Dont satur\u00e9es : 8,4 g<\/li>\n<li>Glucides : 53 g<\/li>\n<li>Sucres : 20,7 g<\/li>\n<li>Prot\u00e9ines : 6,2 g<\/li>\n<li>Sel : 0,023 g<\/li>\n<\/ul>\n","protected":false},"excerpt":{"rendered":"<p>Poids net : 400 g Prix : 6,00 \u20ac\/unit\u00e9 Certification IGP Contenu : S\u00e9lection de sp\u00e9cialit\u00e9s. Contient 16 sp\u00e9cialit\u00e9s diff\u00e9rentes : Traditionnelles, sp\u00e9cialit\u00e9s aux amandes, bonbons, massepains, tourron et drag\u00e9es. Ingr\u00e9dients : FARINE DE BL\u00c9, sucre, graisse de porc, AMANDE, couverture de chocolat (sucre, graisse v\u00e9g\u00e9tale de palmiste, LACTOS\u00c9RUM en poudre, cacao en poudre d\u00e9graiss\u00e9,<br \/><a class=\"moretag\" href=\"https:\/\/www.elmesias.es\/fr\/producto\/assortiment-de-specialites-et-petits-gateaux-400-g\/\">+ Read More<\/a><\/p>\n","protected":false},"featured_media":2093,"comment_status":"closed","ping_status":"closed","template":"","meta":[],"product_brand":[],"product_cat":[78,74,84,82],"product_tag":[],"class_list":{"0":"post-3416","1":"product","2":"type-product","3":"status-publish","4":"has-post-thumbnail","6":"product_cat-coffrets-campagne","7":"product_cat-lots-et-cadeaux","8":"product_cat-specialites-et-chocolats","9":"product_cat-tortas-chocolats-et-massepains","11":"first","12":"instock","13":"shipping-taxable","14":"purchasable","15":"product-type-simple"},"_links":{"self":[{"href":"https:\/\/www.elmesias.es\/fr\/wp-json\/wp\/v2\/product\/3416","targetHints":{"allow":["GET"]}}],"collection":[{"href":"https:\/\/www.elmesias.es\/fr\/wp-json\/wp\/v2\/product"}],"about":[{"href":"https:\/\/www.elmesias.es\/fr\/wp-json\/wp\/v2\/types\/product"}],"replies":[{"embeddable":true,"href":"https:\/\/www.elmesias.es\/fr\/wp-json\/wp\/v2\/comments?post=3416"}],"wp:featuredmedia":[{"embeddable":true,"href":"https:\/\/www.elmesias.es\/fr\/wp-json\/wp\/v2\/media\/2093"}],"wp:attachment":[{"href":"https:\/\/www.elmesias.es\/fr\/wp-json\/wp\/v2\/media?parent=3416"}],"wp:term":[{"taxonomy":"product_brand","embeddable":true,"href":"https:\/\/www.elmesias.es\/fr\/wp-json\/wp\/v2\/product_brand?post=3416"},{"taxonomy":"product_cat","embeddable":true,"href":"https:\/\/www.elmesias.es\/fr\/wp-json\/wp\/v2\/product_cat?post=3416"},{"taxonomy":"product_tag","embeddable":true,"href":"https:\/\/www.elmesias.es\/fr\/wp-json\/wp\/v2\/product_tag?post=3416"}],"curies":[{"name":"wp","href":"https:\/\/api.w.org\/{rel}","templated":true}]}}