{"id":3423,"date":"2024-11-20T11:49:51","date_gmt":"2024-11-20T10:49:51","guid":{"rendered":"https:\/\/www.elmesias.es\/producto\/assortiment-de-noel-12-specialites-600-g\/"},"modified":"2024-11-20T11:49:51","modified_gmt":"2024-11-20T10:49:51","slug":"assortiment-de-noel-12-specialites-600-g","status":"publish","type":"product","link":"https:\/\/www.elmesias.es\/fr\/producto\/assortiment-de-noel-12-specialites-600-g\/","title":{"rendered":"Assortiment de No\u00ebl 12 Sp\u00e9cialit\u00e9s &#8211; 600 g"},"content":{"rendered":"<p><em>\u00c9tab. 600 g<\/em><\/p>\n<p><strong><em>Prix<\/em><\/strong><em> : 7,00 \u20ac\/unit\u00e9<\/em><\/p>\n<p>Certification IGP<\/p>\n<p><strong><u>Contenu :<\/u><\/strong> L\u2019<strong>ASSORTIMENT CLASSIQUE<\/strong> de No\u00ebl, comprenant des produits de 12 sp\u00e9cialit\u00e9s. Mantecado d\u2019Estepa \u00e0 la cannelle, Mantecado d\u2019Estepa au citron, Mantecado d\u2019Estepa au cacao, Mantecado d\u2019Estepa \u00e0 l\u2019amande, Polvor\u00f3n d\u2019Estepa \u00e0 l\u2019amande (9 %), Rosco au vin, Mantecado chocolat\u00e9, Polvor\u00f3n chocolat\u00e9, Chocoarito, Primorosa \u00e0 l\u2019amande, Croquant aux amandes et Amande en gaufrette fourr\u00e9e.<\/p>\n<p>Vous ne saurez pas par o\u00f9 commencer. Les saveurs de toujours. Assortiment tr\u00e8s complet.<\/p>\n<p><strong><u>Ingr\u00e9dients :<\/u> <\/strong>FARINE DE BL\u00c9, graisse de porc, sucre, AMANDE, enrobage de chocolat (sucre, graisse v\u00e9g\u00e9tale de palmiste, LACTOS\u00c9RUM en poudre, cacao d\u00e9graiss\u00e9 en poudre, \u00e9mulsifiant : l\u00e9cithine de SOJA et ar\u00f4me), vin, cannelle, cacao, S\u00c9SAME, anis vert, GAUFRETTE (FARINE DE BL\u00c9, \u00e9mulsifiant : l\u00e9cithine de soja, amidon de ma\u00efs, fibre v\u00e9g\u00e9tale, cacao, stabilisant : bicarbonate de sodium, sel), clou de girofle, vanilline et ar\u00f4me de citron. Peut contenir des traces d\u2019\u0153uf, d\u2019arachide, d\u2019autres fruits \u00e0 coque et de sulfites. \u00c0 conserver dans un endroit frais et sec.<\/p>\n<p><strong><u>Informations nutritionnelles (100 g) :<\/u><\/strong><\/p>\n<ul>\n<li>Valeur \u00e9nerg\u00e9tique : 477 kcal\/1996 kJ<\/li>\n<li>Mati\u00e8res grasses : 24,8 g<\/li>\n<li>Satur\u00e9es : 9,5 g<\/li>\n<li>Glucides : 56,1 g<\/li>\n<li>Sucres : 19,9 g<\/li>\n<li>Prot\u00e9ines : 5,7 g<\/li>\n<li>Sel : 0,017 g<\/li>\n<\/ul>\n","protected":false},"excerpt":{"rendered":"<p>\u00c9tab. 600 g Prix : 7,00 \u20ac\/unit\u00e9 Certification IGP Contenu : L\u2019ASSORTIMENT CLASSIQUE de No\u00ebl, comprenant des produits de 12 sp\u00e9cialit\u00e9s. Mantecado d\u2019Estepa \u00e0 la cannelle, Mantecado d\u2019Estepa au citron, Mantecado d\u2019Estepa au cacao, Mantecado d\u2019Estepa \u00e0 l\u2019amande, Polvor\u00f3n d\u2019Estepa \u00e0 l\u2019amande (9 %), Rosco au vin, Mantecado chocolat\u00e9, Polvor\u00f3n chocolat\u00e9, Chocoarito, Primorosa \u00e0 l\u2019amande,<br \/><a class=\"moretag\" href=\"https:\/\/www.elmesias.es\/fr\/producto\/assortiment-de-noel-12-specialites-600-g\/\">+ Read More<\/a><\/p>\n","protected":false},"featured_media":2108,"comment_status":"closed","ping_status":"closed","template":"","meta":[],"product_brand":[],"product_cat":[83,78],"product_tag":[],"class_list":{"0":"post-3423","1":"product","2":"type-product","3":"status-publish","4":"has-post-thumbnail","6":"product_cat-assortiment-classique","7":"product_cat-coffrets-campagne","9":"first","10":"instock","11":"shipping-taxable","12":"purchasable","13":"product-type-simple"},"_links":{"self":[{"href":"https:\/\/www.elmesias.es\/fr\/wp-json\/wp\/v2\/product\/3423","targetHints":{"allow":["GET"]}}],"collection":[{"href":"https:\/\/www.elmesias.es\/fr\/wp-json\/wp\/v2\/product"}],"about":[{"href":"https:\/\/www.elmesias.es\/fr\/wp-json\/wp\/v2\/types\/product"}],"replies":[{"embeddable":true,"href":"https:\/\/www.elmesias.es\/fr\/wp-json\/wp\/v2\/comments?post=3423"}],"wp:featuredmedia":[{"embeddable":true,"href":"https:\/\/www.elmesias.es\/fr\/wp-json\/wp\/v2\/media\/2108"}],"wp:attachment":[{"href":"https:\/\/www.elmesias.es\/fr\/wp-json\/wp\/v2\/media?parent=3423"}],"wp:term":[{"taxonomy":"product_brand","embeddable":true,"href":"https:\/\/www.elmesias.es\/fr\/wp-json\/wp\/v2\/product_brand?post=3423"},{"taxonomy":"product_cat","embeddable":true,"href":"https:\/\/www.elmesias.es\/fr\/wp-json\/wp\/v2\/product_cat?post=3423"},{"taxonomy":"product_tag","embeddable":true,"href":"https:\/\/www.elmesias.es\/fr\/wp-json\/wp\/v2\/product_tag?post=3423"}],"curies":[{"name":"wp","href":"https:\/\/api.w.org\/{rel}","templated":true}]}}