{"id":3425,"date":"2024-11-20T11:42:05","date_gmt":"2024-11-20T10:42:05","guid":{"rendered":"https:\/\/www.elmesias.es\/producto\/aleluyas-360-g\/"},"modified":"2024-11-20T11:42:05","modified_gmt":"2024-11-20T10:42:05","slug":"aleluyas-360-g","status":"publish","type":"product","link":"https:\/\/www.elmesias.es\/fr\/producto\/aleluyas-360-g\/","title":{"rendered":"Aleluyas &#8211; 360 g"},"content":{"rendered":"<p><em>Env. 360 g <\/em><\/p>\n<p><strong><em>Prix<\/em><\/strong><em> : 6,00 \u20ac\/unit\u00e9<\/em><\/p>\n<p><strong><u>Contenu :<\/u><\/strong> Alfajores aux amandes et au miel, amandes croquantes, bonbon truff\u00e9 aux amandes et primorosas aux amandes.<\/p>\n<p><strong><u>Ingr\u00e9dients :<\/u><\/strong> FARINE DE BL\u00c9, AMANDE (21 %), sucre, graisse de porc, enrobage de chocolat (sucre, graisse v\u00e9g\u00e9tale de palmiste, LACTOS\u00c9RUM en poudre, cacao en poudre d\u00e9graiss\u00e9, \u00e9mulsifiant : l\u00e9cithine de SOJA et ar\u00f4me), graisse v\u00e9g\u00e9tale de palme, cannelle, S\u00c9SAME, anis vert, cacao, clou de girofle, vanilline et ar\u00f4me de citron. Peut contenir des traces d\u2019\u0153uf, d\u2019arachide, d\u2019autres fruits \u00e0 coque et de sulfites.  \u00c0 conserver dans un endroit frais et sec.<\/p>\n<p><strong><u>Informations nutritionnelles (100 g) :<\/u><\/strong><\/p>\n<ul>\n<li>Valeur \u00e9nerg\u00e9tique : 439 kcal\/1837 kJ<\/li>\n<li>Mati\u00e8res grasses : 23 g<\/li>\n<li>Dont satur\u00e9es : 6,1 g<\/li>\n<li>Glucides : 47,2 g<\/li>\n<li>Dont sucres : 16,8 g<\/li>\n<li>Prot\u00e9ines : 8,5 g<\/li>\n<li>Sel : 0,016 g<\/li>\n<\/ul>\n","protected":false},"excerpt":{"rendered":"<p>Env. 360 g Prix : 6,00 \u20ac\/unit\u00e9 Contenu : Alfajores aux amandes et au miel, amandes croquantes, bonbon truff\u00e9 aux amandes et primorosas aux amandes. Ingr\u00e9dients : FARINE DE BL\u00c9, AMANDE (21 %), sucre, graisse de porc, enrobage de chocolat (sucre, graisse v\u00e9g\u00e9tale de palmiste, LACTOS\u00c9RUM en poudre, cacao en poudre d\u00e9graiss\u00e9, \u00e9mulsifiant : l\u00e9cithine<br \/><a class=\"moretag\" href=\"https:\/\/www.elmesias.es\/fr\/producto\/aleluyas-360-g\/\">+ Read More<\/a><\/p>\n","protected":false},"featured_media":2098,"comment_status":"closed","ping_status":"closed","template":"","meta":[],"product_brand":[],"product_cat":[78,84],"product_tag":[],"class_list":{"0":"post-3425","1":"product","2":"type-product","3":"status-publish","4":"has-post-thumbnail","6":"product_cat-coffrets-campagne","7":"product_cat-specialites-et-chocolats","9":"first","10":"instock","11":"shipping-taxable","12":"purchasable","13":"product-type-simple"},"_links":{"self":[{"href":"https:\/\/www.elmesias.es\/fr\/wp-json\/wp\/v2\/product\/3425","targetHints":{"allow":["GET"]}}],"collection":[{"href":"https:\/\/www.elmesias.es\/fr\/wp-json\/wp\/v2\/product"}],"about":[{"href":"https:\/\/www.elmesias.es\/fr\/wp-json\/wp\/v2\/types\/product"}],"replies":[{"embeddable":true,"href":"https:\/\/www.elmesias.es\/fr\/wp-json\/wp\/v2\/comments?post=3425"}],"wp:featuredmedia":[{"embeddable":true,"href":"https:\/\/www.elmesias.es\/fr\/wp-json\/wp\/v2\/media\/2098"}],"wp:attachment":[{"href":"https:\/\/www.elmesias.es\/fr\/wp-json\/wp\/v2\/media?parent=3425"}],"wp:term":[{"taxonomy":"product_brand","embeddable":true,"href":"https:\/\/www.elmesias.es\/fr\/wp-json\/wp\/v2\/product_brand?post=3425"},{"taxonomy":"product_cat","embeddable":true,"href":"https:\/\/www.elmesias.es\/fr\/wp-json\/wp\/v2\/product_cat?post=3425"},{"taxonomy":"product_tag","embeddable":true,"href":"https:\/\/www.elmesias.es\/fr\/wp-json\/wp\/v2\/product_tag?post=3425"}],"curies":[{"name":"wp","href":"https:\/\/api.w.org\/{rel}","templated":true}]}}