{"id":3427,"date":"2024-11-20T11:43:31","date_gmt":"2024-11-20T10:43:31","guid":{"rendered":"https:\/\/www.elmesias.es\/producto\/delices-de-massepain-330-g\/"},"modified":"2024-11-20T11:43:31","modified_gmt":"2024-11-20T10:43:31","slug":"delices-de-massepain-330-g","status":"publish","type":"product","link":"https:\/\/www.elmesias.es\/fr\/producto\/delices-de-massepain-330-g\/","title":{"rendered":"D\u00e9lices de Massepain &#8211; 330 g"},"content":{"rendered":"<p><em>Env. 330 g <\/em><\/p>\n<p><strong><em>Prix<\/em><\/strong><em> : 6,00 \u20ac\/unit\u00e9<\/em><\/p>\n<p><strong><u>Contenu<\/u> :<\/strong> Bocadito de Pi\u00f1\u00f3n, Rizadas de Almendra y Avellana, Delicias con Caf\u00e9 y Fresa, Tocinillo de Yema, Arito con Guinda.<\/p>\n<p><strong><u>Ingr\u00e9dients<\/u> :<\/strong> AMANDE (45 %) (UE, USA), sucre (UE), sirop de glucose (UE), garniture au jaune d\u2019\u0153uf (UE) (jaune d\u2019\u0152UF, sucre, sirop de glucose, conservateur : E-200, stabilisant : E-466 ET acidifiant : E-330), sorbitol (UE), pignon de pin (UE), cerise confite (UE) (sulfites), NOISETTE (UE, USA), ar\u00f4mes de fraise et de caf\u00e9 (UE), conservateur : E-202 (UE) et acidifiant : E-330 (UE). Peut contenir des traces de c\u00e9r\u00e9ales contenant du gluten, d\u2019arachide, de soja, de lait, d\u2019autres fruits \u00e0 coque, de s\u00e9same.  \u00c0 conserver dans un endroit frais et sec.<\/p>\n<p><strong><u>Informations nutritionnelles (100 g)<\/u> :<\/strong><\/p>\n<ul>\n<li>Valeur \u00e9nerg\u00e9tique : 454 kcal\/1901 KJ<\/li>\n<li>Mati\u00e8res grasses : 24,0 g<\/li>\n<li>Dont acides gras satur\u00e9s : 1,9 g<\/li>\n<li>Glucides : 48,7 g<\/li>\n<li>Dont sucres : 40,8 g<\/li>\n<li>Prot\u00e9ines : 8,3 g<\/li>\n<li>Sel : 0,021 g<\/li>\n<\/ul>\n","protected":false},"excerpt":{"rendered":"<p>Env. 330 g Prix : 6,00 \u20ac\/unit\u00e9 Contenu : Bocadito de Pi\u00f1\u00f3n, Rizadas de Almendra y Avellana, Delicias con Caf\u00e9 y Fresa, Tocinillo de Yema, Arito con Guinda. Ingr\u00e9dients : AMANDE (45 %) (UE, USA), sucre (UE), sirop de glucose (UE), garniture au jaune d\u2019\u0153uf (UE) (jaune d\u2019\u0152UF, sucre, sirop de glucose, conservateur : E-200,<br \/><a class=\"moretag\" href=\"https:\/\/www.elmesias.es\/fr\/producto\/delices-de-massepain-330-g\/\">+ Read More<\/a><\/p>\n","protected":false},"featured_media":2100,"comment_status":"closed","ping_status":"closed","template":"","meta":[],"product_brand":[],"product_cat":[78,84],"product_tag":[],"class_list":{"0":"post-3427","1":"product","2":"type-product","3":"status-publish","4":"has-post-thumbnail","6":"product_cat-coffrets-campagne","7":"product_cat-specialites-et-chocolats","9":"first","10":"outofstock","11":"shipping-taxable","12":"purchasable","13":"product-type-simple"},"_links":{"self":[{"href":"https:\/\/www.elmesias.es\/fr\/wp-json\/wp\/v2\/product\/3427","targetHints":{"allow":["GET"]}}],"collection":[{"href":"https:\/\/www.elmesias.es\/fr\/wp-json\/wp\/v2\/product"}],"about":[{"href":"https:\/\/www.elmesias.es\/fr\/wp-json\/wp\/v2\/types\/product"}],"replies":[{"embeddable":true,"href":"https:\/\/www.elmesias.es\/fr\/wp-json\/wp\/v2\/comments?post=3427"}],"wp:featuredmedia":[{"embeddable":true,"href":"https:\/\/www.elmesias.es\/fr\/wp-json\/wp\/v2\/media\/2100"}],"wp:attachment":[{"href":"https:\/\/www.elmesias.es\/fr\/wp-json\/wp\/v2\/media?parent=3427"}],"wp:term":[{"taxonomy":"product_brand","embeddable":true,"href":"https:\/\/www.elmesias.es\/fr\/wp-json\/wp\/v2\/product_brand?post=3427"},{"taxonomy":"product_cat","embeddable":true,"href":"https:\/\/www.elmesias.es\/fr\/wp-json\/wp\/v2\/product_cat?post=3427"},{"taxonomy":"product_tag","embeddable":true,"href":"https:\/\/www.elmesias.es\/fr\/wp-json\/wp\/v2\/product_tag?post=3427"}],"curies":[{"name":"wp","href":"https:\/\/api.w.org\/{rel}","templated":true}]}}