{"id":3429,"date":"2024-11-20T11:46:46","date_gmt":"2024-11-20T10:46:46","guid":{"rendered":"https:\/\/www.elmesias.es\/producto\/selection-chocolats-et-pralines-700-g\/"},"modified":"2024-11-20T11:46:46","modified_gmt":"2024-11-20T10:46:46","slug":"selection-chocolats-et-pralines-700-g","status":"publish","type":"product","link":"https:\/\/www.elmesias.es\/fr\/producto\/selection-chocolats-et-pralines-700-g\/","title":{"rendered":"S\u00e9lection Chocolats et Pralines &#8211; 700 g"},"content":{"rendered":"<p><em>700 g <\/em><\/p>\n<p><strong><em>Prix<\/em><\/strong><em> : 12,00 \u20ac\/unit\u00e9<\/em><\/p>\n<p><strong><u>Caract\u00e9ristiques :<\/u><\/strong> S\u00e9lection de 12 sp\u00e9cialit\u00e9s exquises.<\/p>\n<p><strong><u>Ingr\u00e9dients<\/u> :<\/strong> couverture de chocolat, sucres, FARINE DE BL\u00c9, marrons glac\u00e9s, p\u00e2te de NOISETTE, AMANDE, noix de coco r\u00e2p\u00e9e, fruits confits, saindoux, mati\u00e8re grasse v\u00e9g\u00e9tale, vin, riz souffl\u00e9, cacao pur, LAIT, cannelle, anis, ar\u00f4me de brandy, NOISETTE, PISTACHE, FRAISE, caf\u00e9, vanilline, conservateurs : E-200, E-201, E-212, antioxydant : E-334. Peut Se conserve dans un endroit frais et sec. <\/p>\n","protected":false},"excerpt":{"rendered":"<p>700 g Prix : 12,00 \u20ac\/unit\u00e9 Caract\u00e9ristiques : S\u00e9lection de 12 sp\u00e9cialit\u00e9s exquises. Ingr\u00e9dients : couverture de chocolat, sucres, FARINE DE BL\u00c9, marrons glac\u00e9s, p\u00e2te de NOISETTE, AMANDE, noix de coco r\u00e2p\u00e9e, fruits confits, saindoux, mati\u00e8re grasse v\u00e9g\u00e9tale, vin, riz souffl\u00e9, cacao pur, LAIT, cannelle, anis, ar\u00f4me de brandy, NOISETTE, PISTACHE, FRAISE, caf\u00e9, vanilline, conservateurs<br \/><a class=\"moretag\" href=\"https:\/\/www.elmesias.es\/fr\/producto\/selection-chocolats-et-pralines-700-g\/\">+ Read More<\/a><\/p>\n","protected":false},"featured_media":2104,"comment_status":"closed","ping_status":"closed","template":"","meta":[],"product_brand":[],"product_cat":[78,84],"product_tag":[],"class_list":{"0":"post-3429","1":"product","2":"type-product","3":"status-publish","4":"has-post-thumbnail","6":"product_cat-coffrets-campagne","7":"product_cat-specialites-et-chocolats","9":"first","10":"instock","11":"shipping-taxable","12":"purchasable","13":"product-type-simple"},"_links":{"self":[{"href":"https:\/\/www.elmesias.es\/fr\/wp-json\/wp\/v2\/product\/3429","targetHints":{"allow":["GET"]}}],"collection":[{"href":"https:\/\/www.elmesias.es\/fr\/wp-json\/wp\/v2\/product"}],"about":[{"href":"https:\/\/www.elmesias.es\/fr\/wp-json\/wp\/v2\/types\/product"}],"replies":[{"embeddable":true,"href":"https:\/\/www.elmesias.es\/fr\/wp-json\/wp\/v2\/comments?post=3429"}],"wp:featuredmedia":[{"embeddable":true,"href":"https:\/\/www.elmesias.es\/fr\/wp-json\/wp\/v2\/media\/2104"}],"wp:attachment":[{"href":"https:\/\/www.elmesias.es\/fr\/wp-json\/wp\/v2\/media?parent=3429"}],"wp:term":[{"taxonomy":"product_brand","embeddable":true,"href":"https:\/\/www.elmesias.es\/fr\/wp-json\/wp\/v2\/product_brand?post=3429"},{"taxonomy":"product_cat","embeddable":true,"href":"https:\/\/www.elmesias.es\/fr\/wp-json\/wp\/v2\/product_cat?post=3429"},{"taxonomy":"product_tag","embeddable":true,"href":"https:\/\/www.elmesias.es\/fr\/wp-json\/wp\/v2\/product_tag?post=3429"}],"curies":[{"name":"wp","href":"https:\/\/api.w.org\/{rel}","templated":true}]}}