{"id":3431,"date":"2024-11-20T11:48:27","date_gmt":"2024-11-20T10:48:27","guid":{"rendered":"https:\/\/www.elmesias.es\/producto\/assortiment-de-noel-6-specialites-500-g\/"},"modified":"2024-11-20T11:48:27","modified_gmt":"2024-11-20T10:48:27","slug":"assortiment-de-noel-6-specialites-500-g","status":"publish","type":"product","link":"https:\/\/www.elmesias.es\/fr\/producto\/assortiment-de-noel-6-specialites-500-g\/","title":{"rendered":"Assortiment de No\u00ebl 6 Sp\u00e9cialit\u00e9s &#8211; 500 g"},"content":{"rendered":"<p><em>\u00c9tui 500 g <\/em><\/p>\n<p><strong><em>Prix<\/em><\/strong><em> : 6,50 \u20ac\/unit\u00e9<\/em><\/p>\n<p>Certification IGP<\/p>\n<p><strong><u>Contenu :<\/u><\/strong> Mantecado d\u2019Estepa \u00e0 la cannelle, Mantecado d\u2019Estepa \u00e0 l\u2019amande, Mantecado d\u2019Estepa au citron, Mantecado d\u2019Estepa au cacao, Polvor\u00f3n d\u2019Estepa \u00e0 l\u2019amande (9 %) et Rosco de Vino.<\/p>\n<p><strong><u>Ingr\u00e9dients :<\/u> <\/strong>FARINE DE BL\u00c9, graisse de porc (extrait de romarin et acide citrique), sucre, vin (SULFITES), AMANDE, cannelle, cacao, S\u00c9SAME, anis vert, clou de girofle, vanilline et ar\u00f4me de citron. Peut contenir des traces d\u2019\u0153uf, d\u2019arachide, de soja, de lait, d\u2019autres fruits \u00e0 coque et de moutarde. \u00c0 conserver dans un endroit frais et sec.<\/p>\n<p><strong><u>Informations nutritionnelles (100 g) :<\/u><\/strong><\/p>\n<ul>\n<li>Valeur \u00e9nerg\u00e9tique : 494 kcal\/2 067 kJ<\/li>\n<li>Mati\u00e8res grasses : 25,4 g<\/li>\n<li>Acides gras : 10,2 g<\/li>\n<li>Glucides : 59,8 g<\/li>\n<li>Sucres : 21,2 g<\/li>\n<li>Prot\u00e9ines : 5,2 g<\/li>\n<li>Sel : 0 g<\/li>\n<\/ul>\n","protected":false},"excerpt":{"rendered":"<p>\u00c9tui 500 g Prix : 6,50 \u20ac\/unit\u00e9 Certification IGP Contenu : Mantecado d\u2019Estepa \u00e0 la cannelle, Mantecado d\u2019Estepa \u00e0 l\u2019amande, Mantecado d\u2019Estepa au citron, Mantecado d\u2019Estepa au cacao, Polvor\u00f3n d\u2019Estepa \u00e0 l\u2019amande (9 %) et Rosco de Vino. Ingr\u00e9dients : FARINE DE BL\u00c9, graisse de porc (extrait de romarin et acide citrique), sucre, vin (SULFITES),<br \/><a class=\"moretag\" href=\"https:\/\/www.elmesias.es\/fr\/producto\/assortiment-de-noel-6-specialites-500-g\/\">+ Read More<\/a><\/p>\n","protected":false},"featured_media":2106,"comment_status":"closed","ping_status":"closed","template":"","meta":[],"product_brand":[],"product_cat":[83,78,74,75],"product_tag":[],"class_list":{"0":"post-3431","1":"product","2":"type-product","3":"status-publish","4":"has-post-thumbnail","6":"product_cat-assortiment-classique","7":"product_cat-coffrets-campagne","8":"product_cat-lots-et-cadeaux","9":"product_cat-produits-classiques-emballage-machine","11":"first","12":"instock","13":"shipping-taxable","14":"purchasable","15":"product-type-simple"},"_links":{"self":[{"href":"https:\/\/www.elmesias.es\/fr\/wp-json\/wp\/v2\/product\/3431","targetHints":{"allow":["GET"]}}],"collection":[{"href":"https:\/\/www.elmesias.es\/fr\/wp-json\/wp\/v2\/product"}],"about":[{"href":"https:\/\/www.elmesias.es\/fr\/wp-json\/wp\/v2\/types\/product"}],"replies":[{"embeddable":true,"href":"https:\/\/www.elmesias.es\/fr\/wp-json\/wp\/v2\/comments?post=3431"}],"wp:featuredmedia":[{"embeddable":true,"href":"https:\/\/www.elmesias.es\/fr\/wp-json\/wp\/v2\/media\/2106"}],"wp:attachment":[{"href":"https:\/\/www.elmesias.es\/fr\/wp-json\/wp\/v2\/media?parent=3431"}],"wp:term":[{"taxonomy":"product_brand","embeddable":true,"href":"https:\/\/www.elmesias.es\/fr\/wp-json\/wp\/v2\/product_brand?post=3431"},{"taxonomy":"product_cat","embeddable":true,"href":"https:\/\/www.elmesias.es\/fr\/wp-json\/wp\/v2\/product_cat?post=3431"},{"taxonomy":"product_tag","embeddable":true,"href":"https:\/\/www.elmesias.es\/fr\/wp-json\/wp\/v2\/product_tag?post=3431"}],"curies":[{"name":"wp","href":"https:\/\/api.w.org\/{rel}","templated":true}]}}