{"id":3439,"date":"2024-11-20T11:26:57","date_gmt":"2024-11-20T10:26:57","guid":{"rendered":"https:\/\/www.elmesias.es\/producto\/mantecados-artisanaux-destepa-a-la-cannelle-et-au-sesame-300-g\/"},"modified":"2024-11-20T11:26:57","modified_gmt":"2024-11-20T10:26:57","slug":"mantecados-artisanaux-destepa-a-la-cannelle-et-au-sesame-300-g","status":"publish","type":"product","link":"https:\/\/www.elmesias.es\/fr\/producto\/mantecados-artisanaux-destepa-a-la-cannelle-et-au-sesame-300-g\/","title":{"rendered":"Mantecados Artisanaux d&rsquo;Estepa \u00e0 la Cannelle et au S\u00e9same &#8211; 300 g"},"content":{"rendered":"<p><em>Env. 300 g <\/em><\/p>\n<p><strong><em>Prix<\/em><\/strong><em> : 4,00 \u20ac\/unit\u00e9<\/em><\/p>\n<p>Certification IGP<\/p>\n<p><strong><u>Ingr\u00e9dients :<\/u> <\/strong>FARINE DE BL\u00c9, saindoux, sucre, cannelle et s\u00e9same. Peut contenir des traces d\u2019\u0153uf, d\u2019amande, d\u2019arachide, de soja, de lait, d\u2019autres fruits \u00e0 coque et de sulfites. \u00c0 conserver dans un endroit frais et sec.<\/p>\n<p><strong><u>Informations nutritionnelles (100 g) :<\/u><\/strong><\/p>\n<ul>\n<li>Valeur \u00e9nerg\u00e9tique : 482 kcal\/2015 kJ<\/li>\n<li>Graisses : 24,6 g<\/li>\n<li>Acides gras satur\u00e9s : 9,9 g<\/li>\n<li>Glucides : 58,8 g<\/li>\n<li>Sucres : 22,8 g<\/li>\n<li>Prot\u00e9ines : 4,8 g<\/li>\n<li>Sel : 0 g<\/li>\n<\/ul>\n","protected":false},"excerpt":{"rendered":"<p>Env. 300 g Prix : 4,00 \u20ac\/unit\u00e9 Certification IGP Ingr\u00e9dients : FARINE DE BL\u00c9, saindoux, sucre, cannelle et s\u00e9same. Peut contenir des traces d\u2019\u0153uf, d\u2019amande, d\u2019arachide, de soja, de lait, d\u2019autres fruits \u00e0 coque et de sulfites. \u00c0 conserver dans un endroit frais et sec. Informations nutritionnelles (100 g) : Valeur \u00e9nerg\u00e9tique : 482 kcal\/2015<br \/><a class=\"moretag\" href=\"https:\/\/www.elmesias.es\/fr\/producto\/mantecados-artisanaux-destepa-a-la-cannelle-et-au-sesame-300-g\/\">+ Read More<\/a><\/p>\n","protected":false},"featured_media":2083,"comment_status":"closed","ping_status":"closed","template":"","meta":[],"product_brand":[],"product_cat":[78,85],"product_tag":[],"class_list":{"0":"post-3439","1":"product","2":"type-product","3":"status-publish","4":"has-post-thumbnail","6":"product_cat-coffrets-campagne","7":"product_cat-emballage-traditionnel-avec-noeud","9":"first","10":"instock","11":"shipping-taxable","12":"purchasable","13":"product-type-simple"},"_links":{"self":[{"href":"https:\/\/www.elmesias.es\/fr\/wp-json\/wp\/v2\/product\/3439","targetHints":{"allow":["GET"]}}],"collection":[{"href":"https:\/\/www.elmesias.es\/fr\/wp-json\/wp\/v2\/product"}],"about":[{"href":"https:\/\/www.elmesias.es\/fr\/wp-json\/wp\/v2\/types\/product"}],"replies":[{"embeddable":true,"href":"https:\/\/www.elmesias.es\/fr\/wp-json\/wp\/v2\/comments?post=3439"}],"wp:featuredmedia":[{"embeddable":true,"href":"https:\/\/www.elmesias.es\/fr\/wp-json\/wp\/v2\/media\/2083"}],"wp:attachment":[{"href":"https:\/\/www.elmesias.es\/fr\/wp-json\/wp\/v2\/media?parent=3439"}],"wp:term":[{"taxonomy":"product_brand","embeddable":true,"href":"https:\/\/www.elmesias.es\/fr\/wp-json\/wp\/v2\/product_brand?post=3439"},{"taxonomy":"product_cat","embeddable":true,"href":"https:\/\/www.elmesias.es\/fr\/wp-json\/wp\/v2\/product_cat?post=3439"},{"taxonomy":"product_tag","embeddable":true,"href":"https:\/\/www.elmesias.es\/fr\/wp-json\/wp\/v2\/product_tag?post=3439"}],"curies":[{"name":"wp","href":"https:\/\/api.w.org\/{rel}","templated":true}]}}