{"id":3441,"date":"2024-11-20T11:30:34","date_gmt":"2024-11-20T10:30:34","guid":{"rendered":"https:\/\/www.elmesias.es\/producto\/selection-produits-traditionnels-400-g\/"},"modified":"2024-11-20T11:30:34","modified_gmt":"2024-11-20T10:30:34","slug":"selection-produits-traditionnels-400-g","status":"publish","type":"product","link":"https:\/\/www.elmesias.es\/fr\/producto\/selection-produits-traditionnels-400-g\/","title":{"rendered":"S\u00e9lection Produits Traditionnels &#8211; 400 g"},"content":{"rendered":"<p><em>Env. 400 g <\/em><\/p>\n<p><strong><em>Prix<\/em><\/strong><em> : 5,00 \u20ac\/unit\u00e9 <\/em> <\/p>\n<p>Certification IGP<\/p>\n<p><strong><u>Contenu :<\/u><\/strong> Mantecado de Estepa Casero, Mantecado de Estepa au Citron, Mantecado de Estepa au Cacao, Polvor\u00f3n de Estepa aux Amandes (9 %), Rosco de Vino, Mantecado Artisanal aux Amandes (9 %), Polvor\u00f3n au Chocolat et Noisettes (5 %), Alfajor aux Amandes (20 %), Cortadito de \u00c1ngel et Tortitas de Polvor\u00f3n.<\/p>\n<p><strong><u>Ingr\u00e9dients<\/u> :<\/strong> FARINE de bl\u00e9, graisse de porc (extrait de romarin et ac. citrique), sucre, AMANDE, vin (SULFITES), cannelle, cacao, NOISETTE, S\u00c9SAME, anis vert, c\u00e9drat confit (pulpe de c\u00e9drat, sucre, sirop de glucose, fructose, E-1442, gomme de caroube, E-330, E-202 et ar\u00f4mes), \u0152UF pasteuris\u00e9, clou de girofle, vanilline et ar\u00f4me de citron (extrait de romarin). Peut contenir des traces d&rsquo;arachide, soja, lait, autres fruits \u00e0 coque et sulfites.  \u00c0 conserver dans un endroit frais et sec.<\/p>\n<p><strong><u>Informations nutritionnelles (100 g) :<\/u><\/strong><\/p>\n<ul>\n<li>Valeur \u00e9nerg\u00e9tique : 480 kcal\/2008 kJ<\/li>\n<li>Mati\u00e8res grasses : 25,6 g<\/li>\n<li>Acides gras satur\u00e9s : 9,6 g<\/li>\n<li>Glucides : 55,1 g<\/li>\n<li>Sucres : 19,6 g<\/li>\n<li>Prot\u00e9ines : 5,7 g<\/li>\n<li>Sel : 0 g<\/li>\n<\/ul>\n","protected":false},"excerpt":{"rendered":"<p>Env. 400 g Prix : 5,00 \u20ac\/unit\u00e9 Certification IGP Contenu : Mantecado de Estepa Casero, Mantecado de Estepa au Citron, Mantecado de Estepa au Cacao, Polvor\u00f3n de Estepa aux Amandes (9 %), Rosco de Vino, Mantecado Artisanal aux Amandes (9 %), Polvor\u00f3n au Chocolat et Noisettes (5 %), Alfajor aux Amandes (20 %), Cortadito de<br \/><a class=\"moretag\" href=\"https:\/\/www.elmesias.es\/fr\/producto\/selection-produits-traditionnels-400-g\/\">+ Read More<\/a><\/p>\n","protected":false},"featured_media":2087,"comment_status":"closed","ping_status":"closed","template":"","meta":[],"product_brand":[],"product_cat":[78,85,74,76],"product_tag":[],"class_list":{"0":"post-3441","1":"product","2":"type-product","3":"status-publish","4":"has-post-thumbnail","6":"product_cat-coffrets-campagne","7":"product_cat-emballage-traditionnel-avec-noeud","8":"product_cat-lots-et-cadeaux","9":"product_cat-produits-traditionnels-emballage-noue","11":"first","12":"instock","13":"shipping-taxable","14":"purchasable","15":"product-type-simple"},"_links":{"self":[{"href":"https:\/\/www.elmesias.es\/fr\/wp-json\/wp\/v2\/product\/3441","targetHints":{"allow":["GET"]}}],"collection":[{"href":"https:\/\/www.elmesias.es\/fr\/wp-json\/wp\/v2\/product"}],"about":[{"href":"https:\/\/www.elmesias.es\/fr\/wp-json\/wp\/v2\/types\/product"}],"replies":[{"embeddable":true,"href":"https:\/\/www.elmesias.es\/fr\/wp-json\/wp\/v2\/comments?post=3441"}],"wp:featuredmedia":[{"embeddable":true,"href":"https:\/\/www.elmesias.es\/fr\/wp-json\/wp\/v2\/media\/2087"}],"wp:attachment":[{"href":"https:\/\/www.elmesias.es\/fr\/wp-json\/wp\/v2\/media?parent=3441"}],"wp:term":[{"taxonomy":"product_brand","embeddable":true,"href":"https:\/\/www.elmesias.es\/fr\/wp-json\/wp\/v2\/product_brand?post=3441"},{"taxonomy":"product_cat","embeddable":true,"href":"https:\/\/www.elmesias.es\/fr\/wp-json\/wp\/v2\/product_cat?post=3441"},{"taxonomy":"product_tag","embeddable":true,"href":"https:\/\/www.elmesias.es\/fr\/wp-json\/wp\/v2\/product_tag?post=3441"}],"curies":[{"name":"wp","href":"https:\/\/api.w.org\/{rel}","templated":true}]}}