{"id":3443,"date":"2024-11-20T11:25:05","date_gmt":"2024-11-20T10:25:05","guid":{"rendered":"https:\/\/www.elmesias.es\/producto\/mantecados-destepa-aux-amandes-300-g\/"},"modified":"2024-11-20T11:25:05","modified_gmt":"2024-11-20T10:25:05","slug":"mantecados-destepa-aux-amandes-300-g","status":"publish","type":"product","link":"https:\/\/www.elmesias.es\/fr\/producto\/mantecados-destepa-aux-amandes-300-g\/","title":{"rendered":"Mantecados d&rsquo;Estepa aux Amandes &#8211; 300 g"},"content":{"rendered":"<p><strong><em>Prix<\/em><\/strong><em> : 4,00 \u20ac\/unit\u00e9<\/em><\/p>\n<p><em>Env. 300 g <\/em><\/p>\n<p>Certification IGP<\/p>\n<p><strong><u>Ingr\u00e9dients<\/u> :<\/strong> FARINE DE BL\u00c9, sucre, graisse de porc (extrait de romarin et ac. citrique), AMANDE (9 %), cannelle et S\u00c9SAME. Peut contenir des traces d&rsquo;\u0153uf, cacahu\u00e8te, soja, lait, autres fruits \u00e0 coque et sulfites.  \u00c0 conserver dans un endroit frais et sec.<\/p>\n<p><strong><u>Informations nutritionnelles (100 g) :<\/u><\/strong><\/p>\n<ul>\n<li>Valeur \u00e9nerg\u00e9tique : 497 kcal\/2078 kJ<\/li>\n<li>Mati\u00e8res grasses : 27,3 g<\/li>\n<li>Acides gras satur\u00e9s : 9,5 g<\/li>\n<li>Glucides : 54,5 g<\/li>\n<li>Sucres : 21,3 g<\/li>\n<li>Prot\u00e9ines : 6,5 g<\/li>\n<li>Sel : 0,006 g<\/li>\n<\/ul>\n","protected":false},"excerpt":{"rendered":"<p>Prix : 4,00 \u20ac\/unit\u00e9 Env. 300 g Certification IGP Ingr\u00e9dients : FARINE DE BL\u00c9, sucre, graisse de porc (extrait de romarin et ac. citrique), AMANDE (9 %), cannelle et S\u00c9SAME. Peut contenir des traces d&rsquo;\u0153uf, cacahu\u00e8te, soja, lait, autres fruits \u00e0 coque et sulfites. \u00c0 conserver dans un endroit frais et sec. Informations nutritionnelles (100<br \/><a class=\"moretag\" href=\"https:\/\/www.elmesias.es\/fr\/producto\/mantecados-destepa-aux-amandes-300-g\/\">+ Read More<\/a><\/p>\n","protected":false},"featured_media":2081,"comment_status":"closed","ping_status":"closed","template":"","meta":[],"product_brand":[],"product_cat":[78,85],"product_tag":[],"class_list":{"0":"post-3443","1":"product","2":"type-product","3":"status-publish","4":"has-post-thumbnail","6":"product_cat-coffrets-campagne","7":"product_cat-emballage-traditionnel-avec-noeud","9":"first","10":"instock","11":"shipping-taxable","12":"purchasable","13":"product-type-simple"},"_links":{"self":[{"href":"https:\/\/www.elmesias.es\/fr\/wp-json\/wp\/v2\/product\/3443","targetHints":{"allow":["GET"]}}],"collection":[{"href":"https:\/\/www.elmesias.es\/fr\/wp-json\/wp\/v2\/product"}],"about":[{"href":"https:\/\/www.elmesias.es\/fr\/wp-json\/wp\/v2\/types\/product"}],"replies":[{"embeddable":true,"href":"https:\/\/www.elmesias.es\/fr\/wp-json\/wp\/v2\/comments?post=3443"}],"wp:featuredmedia":[{"embeddable":true,"href":"https:\/\/www.elmesias.es\/fr\/wp-json\/wp\/v2\/media\/2081"}],"wp:attachment":[{"href":"https:\/\/www.elmesias.es\/fr\/wp-json\/wp\/v2\/media?parent=3443"}],"wp:term":[{"taxonomy":"product_brand","embeddable":true,"href":"https:\/\/www.elmesias.es\/fr\/wp-json\/wp\/v2\/product_brand?post=3443"},{"taxonomy":"product_cat","embeddable":true,"href":"https:\/\/www.elmesias.es\/fr\/wp-json\/wp\/v2\/product_cat?post=3443"},{"taxonomy":"product_tag","embeddable":true,"href":"https:\/\/www.elmesias.es\/fr\/wp-json\/wp\/v2\/product_tag?post=3443"}],"curies":[{"name":"wp","href":"https:\/\/api.w.org\/{rel}","templated":true}]}}