{"id":3445,"date":"2024-11-20T11:28:25","date_gmt":"2024-11-20T10:28:25","guid":{"rendered":"https:\/\/www.elmesias.es\/producto\/polvorones-artisanaux-aux-amandes-400-g\/"},"modified":"2024-11-20T11:28:25","modified_gmt":"2024-11-20T10:28:25","slug":"polvorones-artisanaux-aux-amandes-400-g","status":"publish","type":"product","link":"https:\/\/www.elmesias.es\/fr\/producto\/polvorones-artisanaux-aux-amandes-400-g\/","title":{"rendered":"Polvorones artisanaux aux amandes &#8211; 400 g"},"content":{"rendered":"<p><em>Env. 400 g <\/em><\/p>\n<p><strong><em>Prix<\/em><\/strong><em> : 5,00 \u20ac\/unit\u00e9<\/em><\/p>\n<p>Certification IGP<\/p>\n<p><strong><u>Ingr\u00e9dients :<\/u><\/strong> FARINE DE BL\u00c9, sucre, graisse de porc (extrait de romarin et ac. citrique), AMANDE (9 %), cannelle, clou de girofle et ar\u00f4me de citron. Peut contenir des traces d\u2019arachide, soja, lait, autres fruits \u00e0 coque, sulfites et moutarde.  \u00c0 conserver dans un endroit frais et sec.<\/p>\n<p><strong><u>Informations nutritionnelles (100 g)<\/u> :<\/strong><\/p>\n<ul>\n<li>Valeur \u00e9nerg\u00e9tique : 503 kcal\/2104 kJ<\/li>\n<li>Mati\u00e8res grasses : 27,7 g<\/li>\n<li>Acides gras satur\u00e9s : 9,6 g<\/li>\n<li>Glucides : 21,6 g<\/li>\n<li>Sucres : 32,47 g<\/li>\n<li>Prot\u00e9ines : 6,5 g<\/li>\n<li>Sel : 0 g<\/li>\n<\/ul>\n","protected":false},"excerpt":{"rendered":"<p>Env. 400 g Prix : 5,00 \u20ac\/unit\u00e9 Certification IGP Ingr\u00e9dients : FARINE DE BL\u00c9, sucre, graisse de porc (extrait de romarin et ac. citrique), AMANDE (9 %), cannelle, clou de girofle et ar\u00f4me de citron. Peut contenir des traces d\u2019arachide, soja, lait, autres fruits \u00e0 coque, sulfites et moutarde. \u00c0 conserver dans un endroit frais<br \/><a class=\"moretag\" href=\"https:\/\/www.elmesias.es\/fr\/producto\/polvorones-artisanaux-aux-amandes-400-g\/\">+ Read More<\/a><\/p>\n","protected":false},"featured_media":2085,"comment_status":"closed","ping_status":"closed","template":"","meta":[],"product_brand":[],"product_cat":[78,85,74,76],"product_tag":[],"class_list":{"0":"post-3445","1":"product","2":"type-product","3":"status-publish","4":"has-post-thumbnail","6":"product_cat-coffrets-campagne","7":"product_cat-emballage-traditionnel-avec-noeud","8":"product_cat-lots-et-cadeaux","9":"product_cat-produits-traditionnels-emballage-noue","11":"first","12":"instock","13":"shipping-taxable","14":"purchasable","15":"product-type-simple"},"_links":{"self":[{"href":"https:\/\/www.elmesias.es\/fr\/wp-json\/wp\/v2\/product\/3445","targetHints":{"allow":["GET"]}}],"collection":[{"href":"https:\/\/www.elmesias.es\/fr\/wp-json\/wp\/v2\/product"}],"about":[{"href":"https:\/\/www.elmesias.es\/fr\/wp-json\/wp\/v2\/types\/product"}],"replies":[{"embeddable":true,"href":"https:\/\/www.elmesias.es\/fr\/wp-json\/wp\/v2\/comments?post=3445"}],"wp:featuredmedia":[{"embeddable":true,"href":"https:\/\/www.elmesias.es\/fr\/wp-json\/wp\/v2\/media\/2085"}],"wp:attachment":[{"href":"https:\/\/www.elmesias.es\/fr\/wp-json\/wp\/v2\/media?parent=3445"}],"wp:term":[{"taxonomy":"product_brand","embeddable":true,"href":"https:\/\/www.elmesias.es\/fr\/wp-json\/wp\/v2\/product_brand?post=3445"},{"taxonomy":"product_cat","embeddable":true,"href":"https:\/\/www.elmesias.es\/fr\/wp-json\/wp\/v2\/product_cat?post=3445"},{"taxonomy":"product_tag","embeddable":true,"href":"https:\/\/www.elmesias.es\/fr\/wp-json\/wp\/v2\/product_tag?post=3445"}],"curies":[{"name":"wp","href":"https:\/\/api.w.org\/{rel}","templated":true}]}}