{"id":3451,"date":"2024-11-20T10:44:03","date_gmt":"2024-11-20T09:44:03","guid":{"rendered":"https:\/\/www.elmesias.es\/producto\/biscuits-a-lavoine-et-au-chocolat-140-g\/"},"modified":"2024-11-20T10:44:03","modified_gmt":"2024-11-20T09:44:03","slug":"biscuits-a-lavoine-et-au-chocolat-140-g","status":"publish","type":"product","link":"https:\/\/www.elmesias.es\/fr\/producto\/biscuits-a-lavoine-et-au-chocolat-140-g\/","title":{"rendered":"Biscuits \u00e0 l&rsquo;Avoine et au Chocolat &#8211; 140 g"},"content":{"rendered":"<p><em>Poids net 140 g <\/em><\/p>\n<p><strong><em>Prix<\/em><\/strong><em> : 1,99 \u20ac\/unit\u00e9<\/em><\/p>\n<p><strong><u>Caract\u00e9ristiques :<\/u> <\/strong>Biscuits \u00e0 l&rsquo;Avoine et au Chocolat \u00e0 l&rsquo;Huile d&rsquo;Olive Vierge Extra. Convient aux v\u00e9g\u00e9taliens. Certification CAAE.<\/p>\n<p><strong><u>Ingr\u00e9dients :<\/u><\/strong> FARINE D&rsquo;AVOINE (26 %), FARINE DE BL\u00c9, sucre de canne Golden, sucre panela, sirop d&rsquo;agave, eau, huile d&rsquo;olive vierge extra, huile de tournesol \u00e0 haute teneur ol\u00e9ique, FLOCONS D&rsquo;AVOINE (4 %), cacao en poudre (3 %), cannelle, levure, sel. Peut contenir des traces d&rsquo;\u0153uf, d&rsquo;arachide, de soja, de lait, de fruits \u00e0 coque et de sulfites.  \u00c0 conserver dans un endroit frais et sec.<\/p>\n<p><strong><u>Informations nutritionnelles (100 g) :<\/u><\/strong><\/p>\n<ul>\n<li>Valeur \u00e9nerg\u00e9tique : 407 kcal\/1875 kJ<\/li>\n<li>Mati\u00e8res grasses : 15,2 g<\/li>\n<li>Satur\u00e9es : 2,18 g<\/li>\n<li>Glucides : 47,1 g<\/li>\n<li>Sucres : 22,5 g<\/li>\n<li>Prot\u00e9ines : 5,6 g<\/li>\n<li>Fibres : 10,2 g<\/li>\n<li>Sel : 0,03 g<\/li>\n<\/ul>\n","protected":false},"excerpt":{"rendered":"<p>Poids net 140 g Prix : 1,99 \u20ac\/unit\u00e9 Caract\u00e9ristiques : Biscuits \u00e0 l&rsquo;Avoine et au Chocolat \u00e0 l&rsquo;Huile d&rsquo;Olive Vierge Extra. Convient aux v\u00e9g\u00e9taliens. Certification CAAE. Ingr\u00e9dients : FARINE D&rsquo;AVOINE (26 %), FARINE DE BL\u00c9, sucre de canne Golden, sucre panela, sirop d&rsquo;agave, eau, huile d&rsquo;olive vierge extra, huile de tournesol \u00e0 haute teneur ol\u00e9ique,<br \/><a class=\"moretag\" href=\"https:\/\/www.elmesias.es\/fr\/producto\/biscuits-a-lavoine-et-au-chocolat-140-g\/\">+ Read More<\/a><\/p>\n","protected":false},"featured_media":1974,"comment_status":"closed","ping_status":"closed","template":"","meta":[],"product_brand":[],"product_cat":[74,87,65,75],"product_tag":[],"class_list":{"0":"post-3451","1":"product","2":"type-product","3":"status-publish","4":"has-post-thumbnail","6":"product_cat-lots-et-cadeaux","7":"product_cat-navital-line-biscuits-biologiques","8":"product_cat-non-classe","9":"product_cat-produits-classiques-emballage-machine","11":"first","12":"outofstock","13":"shipping-taxable","14":"purchasable","15":"product-type-simple"},"_links":{"self":[{"href":"https:\/\/www.elmesias.es\/fr\/wp-json\/wp\/v2\/product\/3451","targetHints":{"allow":["GET"]}}],"collection":[{"href":"https:\/\/www.elmesias.es\/fr\/wp-json\/wp\/v2\/product"}],"about":[{"href":"https:\/\/www.elmesias.es\/fr\/wp-json\/wp\/v2\/types\/product"}],"replies":[{"embeddable":true,"href":"https:\/\/www.elmesias.es\/fr\/wp-json\/wp\/v2\/comments?post=3451"}],"wp:featuredmedia":[{"embeddable":true,"href":"https:\/\/www.elmesias.es\/fr\/wp-json\/wp\/v2\/media\/1974"}],"wp:attachment":[{"href":"https:\/\/www.elmesias.es\/fr\/wp-json\/wp\/v2\/media?parent=3451"}],"wp:term":[{"taxonomy":"product_brand","embeddable":true,"href":"https:\/\/www.elmesias.es\/fr\/wp-json\/wp\/v2\/product_brand?post=3451"},{"taxonomy":"product_cat","embeddable":true,"href":"https:\/\/www.elmesias.es\/fr\/wp-json\/wp\/v2\/product_cat?post=3451"},{"taxonomy":"product_tag","embeddable":true,"href":"https:\/\/www.elmesias.es\/fr\/wp-json\/wp\/v2\/product_tag?post=3451"}],"curies":[{"name":"wp","href":"https:\/\/api.w.org\/{rel}","templated":true}]}}