{"id":3458,"date":"2024-11-20T10:25:20","date_gmt":"2024-11-20T09:25:20","guid":{"rendered":"https:\/\/www.elmesias.es\/producto\/selection-de-noel-bio-120-g\/"},"modified":"2024-11-20T10:25:20","modified_gmt":"2024-11-20T09:25:20","slug":"selection-de-noel-bio-120-g","status":"publish","type":"product","link":"https:\/\/www.elmesias.es\/fr\/producto\/selection-de-noel-bio-120-g\/","title":{"rendered":"S\u00e9lection de No\u00ebl BIO &#8211; 120 g"},"content":{"rendered":"<p><em>Env. 120 g <\/em><\/p>\n<p><strong><em>Prix<\/em><\/strong><em> : 1,65 \u20ac\/unit\u00e9<\/em><\/p>\n<p><u><strong>Caract\u00e9ristiques<\/strong> :<\/u> S\u00e9lection de No\u00ebl Bio avec des ingr\u00e9dients certifi\u00e9s issus de l\u2019agriculture biologique. Certification CAAE.<\/p>\n<p><strong><u>Contenu :<\/u> <\/strong>Mantecados \u00e0 la cannelle et au s\u00e9same bio, polvor\u00f3n sp\u00e9cial bio et roscos \u00e0 l\u2019anis bio.<\/p>\n<p><u>Ingr\u00e9dients<\/u> : FARINE DE BL\u00c9, huile d\u2019olive vierge extra, huile de tournesol haut ol\u00e9ique, sucre, cannelle, S\u00c9SAME, anis vert et ar\u00f4me de citron. Ingr\u00e9dients issus \u00e0 100 % de l&rsquo;agriculture biologique. Peut contenir des traces d&rsquo;\u0153ufs, d&rsquo;arachides, de fruits \u00e0 coque. \u00c0 conserver dans un endroit frais et sec.<\/p>\n<p><strong><u>Informations nutritionnelles (100 g) :<\/u><\/strong><\/p>\n<ul>\n<li>Valeur \u00e9nerg\u00e9tique : 498 kcal\/2084 kJ<\/li>\n<li>Mati\u00e8res grasses : 23,2 g<\/li>\n<li>Satur\u00e9es : 9,7 g<\/li>\n<li>Glucides : 66,4 g<\/li>\n<li>Sucres : 44,6 g<\/li>\n<li>Prot\u00e9ines : 5,9 g<\/li>\n<li>Sel : 0,05 g<\/li>\n<\/ul>\n","protected":false},"excerpt":{"rendered":"<p>Env. 120 g Prix : 1,65 \u20ac\/unit\u00e9 Caract\u00e9ristiques : S\u00e9lection de No\u00ebl Bio avec des ingr\u00e9dients certifi\u00e9s issus de l\u2019agriculture biologique. Certification CAAE. Contenu : Mantecados \u00e0 la cannelle et au s\u00e9same bio, polvor\u00f3n sp\u00e9cial bio et roscos \u00e0 l\u2019anis bio. Ingr\u00e9dients : FARINE DE BL\u00c9, huile d\u2019olive vierge extra, huile de tournesol haut ol\u00e9ique,<br \/><a class=\"moretag\" href=\"https:\/\/www.elmesias.es\/fr\/producto\/selection-de-noel-bio-120-g\/\">+ Read More<\/a><\/p>\n","protected":false},"featured_media":2057,"comment_status":"closed","ping_status":"closed","template":"","meta":[],"product_brand":[],"product_cat":[74,79,65,75],"product_tag":[],"class_list":{"0":"post-3458","1":"product","2":"type-product","3":"status-publish","4":"has-post-thumbnail","6":"product_cat-lots-et-cadeaux","7":"product_cat-navital-line-gamme-sante","8":"product_cat-non-classe","9":"product_cat-produits-classiques-emballage-machine","11":"first","12":"outofstock","13":"shipping-taxable","14":"purchasable","15":"product-type-simple"},"_links":{"self":[{"href":"https:\/\/www.elmesias.es\/fr\/wp-json\/wp\/v2\/product\/3458","targetHints":{"allow":["GET"]}}],"collection":[{"href":"https:\/\/www.elmesias.es\/fr\/wp-json\/wp\/v2\/product"}],"about":[{"href":"https:\/\/www.elmesias.es\/fr\/wp-json\/wp\/v2\/types\/product"}],"replies":[{"embeddable":true,"href":"https:\/\/www.elmesias.es\/fr\/wp-json\/wp\/v2\/comments?post=3458"}],"wp:featuredmedia":[{"embeddable":true,"href":"https:\/\/www.elmesias.es\/fr\/wp-json\/wp\/v2\/media\/2057"}],"wp:attachment":[{"href":"https:\/\/www.elmesias.es\/fr\/wp-json\/wp\/v2\/media?parent=3458"}],"wp:term":[{"taxonomy":"product_brand","embeddable":true,"href":"https:\/\/www.elmesias.es\/fr\/wp-json\/wp\/v2\/product_brand?post=3458"},{"taxonomy":"product_cat","embeddable":true,"href":"https:\/\/www.elmesias.es\/fr\/wp-json\/wp\/v2\/product_cat?post=3458"},{"taxonomy":"product_tag","embeddable":true,"href":"https:\/\/www.elmesias.es\/fr\/wp-json\/wp\/v2\/product_tag?post=3458"}],"curies":[{"name":"wp","href":"https:\/\/api.w.org\/{rel}","templated":true}]}}