{"id":3464,"date":"2024-11-20T10:14:00","date_gmt":"2024-11-20T09:14:00","guid":{"rendered":"https:\/\/www.elmesias.es\/producto\/polvorones-aux-amandes-sans-sucre-300-g\/"},"modified":"2024-11-20T10:14:00","modified_gmt":"2024-11-20T09:14:00","slug":"polvorones-aux-amandes-sans-sucre-300-g","status":"publish","type":"product","link":"https:\/\/www.elmesias.es\/fr\/producto\/polvorones-aux-amandes-sans-sucre-300-g\/","title":{"rendered":"Polvorones aux amandes sans sucre &#8211; 300 g"},"content":{"rendered":"<p><em>Env. 300 g <\/em><\/p>\n<p><strong><em>Prix<\/em><\/strong><em> : 5,00 \u20ac\/unit\u00e9<\/em><\/p>\n<p><strong><u>Ingr\u00e9dients :<\/u> <\/strong>FARINE DE BL\u00c9, huile de tournesol \u00e0 haute teneur en acide ol\u00e9ique, maltitol, AMANDE, cannelle, ar\u00f4me de citron et de clou de girofle. INFORMATIONS SUR LES ALLERG\u00c8NES : notre atelier utilise des c\u00e9r\u00e9ales contenant du gluten, des \u0153ufs, des arachides, du soja, du lait de vache, des fruits \u00e0 coque, des graines de s\u00e9same et du vin (sulfites).  \u00c0 conserver dans un endroit frais et sec.<\/p>\n<p><strong><u>Informations nutritionnelles (100 g) :<\/u><\/strong><\/p>\n<ul>\n<li>Valeur \u00e9nerg\u00e9tique : 445 kcal\/1863 kJ<\/li>\n<li>Prot\u00e9ines : 7 g<\/li>\n<li>Glucides : 47 g<\/li>\n<li>Sucres : &gt;0,5 g<\/li>\n<li>Polyols : 19 g<\/li>\n<li>Fibres alimentaires : 1 g<\/li>\n<li>Mati\u00e8res grasses : 24 g<\/li>\n<li>Satur\u00e9es : &lt;0,25 g<\/li>\n<li>Cholest\u00e9rol : 0 g<\/li>\n<\/ul>\n","protected":false},"excerpt":{"rendered":"<p>Env. 300 g Prix : 5,00 \u20ac\/unit\u00e9 Ingr\u00e9dients : FARINE DE BL\u00c9, huile de tournesol \u00e0 haute teneur en acide ol\u00e9ique, maltitol, AMANDE, cannelle, ar\u00f4me de citron et de clou de girofle. INFORMATIONS SUR LES ALLERG\u00c8NES : notre atelier utilise des c\u00e9r\u00e9ales contenant du gluten, des \u0153ufs, des arachides, du soja, du lait de vache,<br \/><a class=\"moretag\" href=\"https:\/\/www.elmesias.es\/fr\/producto\/polvorones-aux-amandes-sans-sucre-300-g\/\">+ Read More<\/a><\/p>\n","protected":false},"featured_media":2048,"comment_status":"closed","ping_status":"closed","template":"","meta":[],"product_brand":[],"product_cat":[78,79,80,65],"product_tag":[],"class_list":{"0":"post-3464","1":"product","2":"type-product","3":"status-publish","4":"has-post-thumbnail","6":"product_cat-coffrets-campagne","7":"product_cat-navital-line-gamme-sante","8":"product_cat-navital-noel-plus-sain","9":"product_cat-non-classe","11":"first","12":"instock","13":"shipping-taxable","14":"purchasable","15":"product-type-simple"},"_links":{"self":[{"href":"https:\/\/www.elmesias.es\/fr\/wp-json\/wp\/v2\/product\/3464","targetHints":{"allow":["GET"]}}],"collection":[{"href":"https:\/\/www.elmesias.es\/fr\/wp-json\/wp\/v2\/product"}],"about":[{"href":"https:\/\/www.elmesias.es\/fr\/wp-json\/wp\/v2\/types\/product"}],"replies":[{"embeddable":true,"href":"https:\/\/www.elmesias.es\/fr\/wp-json\/wp\/v2\/comments?post=3464"}],"wp:featuredmedia":[{"embeddable":true,"href":"https:\/\/www.elmesias.es\/fr\/wp-json\/wp\/v2\/media\/2048"}],"wp:attachment":[{"href":"https:\/\/www.elmesias.es\/fr\/wp-json\/wp\/v2\/media?parent=3464"}],"wp:term":[{"taxonomy":"product_brand","embeddable":true,"href":"https:\/\/www.elmesias.es\/fr\/wp-json\/wp\/v2\/product_brand?post=3464"},{"taxonomy":"product_cat","embeddable":true,"href":"https:\/\/www.elmesias.es\/fr\/wp-json\/wp\/v2\/product_cat?post=3464"},{"taxonomy":"product_tag","embeddable":true,"href":"https:\/\/www.elmesias.es\/fr\/wp-json\/wp\/v2\/product_tag?post=3464"}],"curies":[{"name":"wp","href":"https:\/\/api.w.org\/{rel}","templated":true}]}}