{"id":3467,"date":"2024-11-20T10:17:19","date_gmt":"2024-11-20T09:17:19","guid":{"rendered":"https:\/\/www.elmesias.es\/producto\/mantecados-et-polvorones-sans-gluten-120-g\/"},"modified":"2024-11-20T10:17:19","modified_gmt":"2024-11-20T09:17:19","slug":"mantecados-et-polvorones-sans-gluten-120-g","status":"publish","type":"product","link":"https:\/\/www.elmesias.es\/fr\/producto\/mantecados-et-polvorones-sans-gluten-120-g\/","title":{"rendered":"Mantecados et polvorones sans gluten &#8211; 120 g"},"content":{"rendered":"<p><em>Env. 120 g <\/em><\/p>\n<p><strong><em>Prix<\/em><\/strong><em> : 1,30 \u20ac\/unit\u00e9<\/em><\/p>\n<p><strong><u>Caract\u00e9ristiques<\/u> :<\/strong> Mantecados et polvorones sans gluten, sans lactose et sans \u0153uf. Certification ELS. <\/p>\n<p><strong><u>Ingr\u00e9dients :<\/u><\/strong> Farine de pois chiche, sucre, graisse de porc (extrait de romarin), cannelle, S\u00c9SAME, ar\u00f4me de citron.<\/p>\n<p><strong><u>Informations nutritionnelles (100 g) :<\/u><\/strong><\/p>\n<ul>\n<li>Valeur \u00e9nerg\u00e9tique : 505 kcal\/2 113 kJ<\/li>\n<li>Mati\u00e8res grasses : 26,9 g<\/li>\n<li>Dont satur\u00e9es : 10,3 g<\/li>\n<li>Glucides : 59,1 g<\/li>\n<li>Dont sucres : 24,5 g<\/li>\n<li>Prot\u00e9ines : 5,6 g<\/li>\n<li>Sel : 0 g<\/li>\n<\/ul>\n","protected":false},"excerpt":{"rendered":"<p>Env. 120 g Prix : 1,30 \u20ac\/unit\u00e9 Caract\u00e9ristiques : Mantecados et polvorones sans gluten, sans lactose et sans \u0153uf. Certification ELS. Ingr\u00e9dients : Farine de pois chiche, sucre, graisse de porc (extrait de romarin), cannelle, S\u00c9SAME, ar\u00f4me de citron. Informations nutritionnelles (100 g) : Valeur \u00e9nerg\u00e9tique : 505 kcal\/2 113 kJ Mati\u00e8res grasses : 26,9<br \/><a class=\"moretag\" href=\"https:\/\/www.elmesias.es\/fr\/producto\/mantecados-et-polvorones-sans-gluten-120-g\/\">+ Read More<\/a><\/p>\n","protected":false},"featured_media":2051,"comment_status":"closed","ping_status":"closed","template":"","meta":[],"product_brand":[],"product_cat":[74,79,65,75],"product_tag":[],"class_list":{"0":"post-3467","1":"product","2":"type-product","3":"status-publish","4":"has-post-thumbnail","6":"product_cat-lots-et-cadeaux","7":"product_cat-navital-line-gamme-sante","8":"product_cat-non-classe","9":"product_cat-produits-classiques-emballage-machine","11":"first","12":"outofstock","13":"shipping-taxable","14":"purchasable","15":"product-type-simple"},"_links":{"self":[{"href":"https:\/\/www.elmesias.es\/fr\/wp-json\/wp\/v2\/product\/3467","targetHints":{"allow":["GET"]}}],"collection":[{"href":"https:\/\/www.elmesias.es\/fr\/wp-json\/wp\/v2\/product"}],"about":[{"href":"https:\/\/www.elmesias.es\/fr\/wp-json\/wp\/v2\/types\/product"}],"replies":[{"embeddable":true,"href":"https:\/\/www.elmesias.es\/fr\/wp-json\/wp\/v2\/comments?post=3467"}],"wp:featuredmedia":[{"embeddable":true,"href":"https:\/\/www.elmesias.es\/fr\/wp-json\/wp\/v2\/media\/2051"}],"wp:attachment":[{"href":"https:\/\/www.elmesias.es\/fr\/wp-json\/wp\/v2\/media?parent=3467"}],"wp:term":[{"taxonomy":"product_brand","embeddable":true,"href":"https:\/\/www.elmesias.es\/fr\/wp-json\/wp\/v2\/product_brand?post=3467"},{"taxonomy":"product_cat","embeddable":true,"href":"https:\/\/www.elmesias.es\/fr\/wp-json\/wp\/v2\/product_cat?post=3467"},{"taxonomy":"product_tag","embeddable":true,"href":"https:\/\/www.elmesias.es\/fr\/wp-json\/wp\/v2\/product_tag?post=3467"}],"curies":[{"name":"wp","href":"https:\/\/api.w.org\/{rel}","templated":true}]}}