{"id":3471,"date":"2024-11-20T10:35:53","date_gmt":"2024-11-20T09:35:53","guid":{"rendered":"https:\/\/www.elmesias.es\/producto\/biscuits-a-lavoine-et-aux-amandes-250-g\/"},"modified":"2024-11-20T10:35:53","modified_gmt":"2024-11-20T09:35:53","slug":"biscuits-a-lavoine-et-aux-amandes-250-g","status":"publish","type":"product","link":"https:\/\/www.elmesias.es\/fr\/producto\/biscuits-a-lavoine-et-aux-amandes-250-g\/","title":{"rendered":"Biscuits \u00e0 l&rsquo;avoine et aux amandes &#8211; 250 g"},"content":{"rendered":"<p><em>250 g <\/em><\/p>\n<p><strong><em>Prix<\/em><\/strong><em> : 3,70 \u20ac\/unit\u00e9<\/em><\/p>\n<p><strong><u>Caract\u00e9ristiques :<\/u> <\/strong>Biscuits \u00e0 l&rsquo;avoine et aux amandes avec de l&rsquo;huile d&rsquo;olive vierge extra. Convient aux v\u00e9g\u00e9taliens. Certification CAAE.<\/p>\n<p><strong><u>Ingr\u00e9dients :<\/u><\/strong> FARINE D&rsquo;AVOINE (26 %), FARINE DE BL\u00c9, sucre de canne dor\u00e9, sucre panela, sirop d&rsquo;agave, eau, huile d&rsquo;olive vierge extra, huile de tournesol \u00e0 haute teneur en acide ol\u00e9ique, AMANDE (6 %), FLOCONS D&rsquo;AVOINE (4 %), cannelle, levure, sel. Peut contenir des traces d&rsquo;\u0153uf, d&rsquo;arachide, de soja, de lait, de fruits \u00e0 coque et de sulfites.  \u00c0 conserver dans un endroit frais et sec.<\/p>\n<p><strong><u>Informations nutritionnelles (100 g) :<\/u><\/strong><\/p>\n<ul>\n<li>Valeur \u00e9nerg\u00e9tique : 437 kcal\/2013 kJ<\/li>\n<li>Mati\u00e8res grasses : 18,2 g<\/li>\n<li>Acides gras satur\u00e9s : 2,42 g<\/li>\n<li>Glucides : 47,1 g<\/li>\n<li>Sucres : 22,5 g<\/li>\n<li>Prot\u00e9ines : 5,8 g<\/li>\n<li>Fibres : 7,3 g<\/li>\n<li>Sel : 0,03 g<\/li>\n<\/ul>\n","protected":false},"excerpt":{"rendered":"<p>250 g Prix : 3,70 \u20ac\/unit\u00e9 Caract\u00e9ristiques : Biscuits \u00e0 l&rsquo;avoine et aux amandes avec de l&rsquo;huile d&rsquo;olive vierge extra. Convient aux v\u00e9g\u00e9taliens. Certification CAAE. Ingr\u00e9dients : FARINE D&rsquo;AVOINE (26 %), FARINE DE BL\u00c9, sucre de canne dor\u00e9, sucre panela, sirop d&rsquo;agave, eau, huile d&rsquo;olive vierge extra, huile de tournesol \u00e0 haute teneur en acide<br \/><a class=\"moretag\" href=\"https:\/\/www.elmesias.es\/fr\/producto\/biscuits-a-lavoine-et-aux-amandes-250-g\/\">+ Read More<\/a><\/p>\n","protected":false},"featured_media":2062,"comment_status":"closed","ping_status":"closed","template":"","meta":[],"product_brand":[],"product_cat":[87,65],"product_tag":[],"class_list":{"0":"post-3471","1":"product","2":"type-product","3":"status-publish","4":"has-post-thumbnail","6":"product_cat-navital-line-biscuits-biologiques","7":"product_cat-non-classe","9":"first","10":"instock","11":"shipping-taxable","12":"purchasable","13":"product-type-simple"},"_links":{"self":[{"href":"https:\/\/www.elmesias.es\/fr\/wp-json\/wp\/v2\/product\/3471","targetHints":{"allow":["GET"]}}],"collection":[{"href":"https:\/\/www.elmesias.es\/fr\/wp-json\/wp\/v2\/product"}],"about":[{"href":"https:\/\/www.elmesias.es\/fr\/wp-json\/wp\/v2\/types\/product"}],"replies":[{"embeddable":true,"href":"https:\/\/www.elmesias.es\/fr\/wp-json\/wp\/v2\/comments?post=3471"}],"wp:featuredmedia":[{"embeddable":true,"href":"https:\/\/www.elmesias.es\/fr\/wp-json\/wp\/v2\/media\/2062"}],"wp:attachment":[{"href":"https:\/\/www.elmesias.es\/fr\/wp-json\/wp\/v2\/media?parent=3471"}],"wp:term":[{"taxonomy":"product_brand","embeddable":true,"href":"https:\/\/www.elmesias.es\/fr\/wp-json\/wp\/v2\/product_brand?post=3471"},{"taxonomy":"product_cat","embeddable":true,"href":"https:\/\/www.elmesias.es\/fr\/wp-json\/wp\/v2\/product_cat?post=3471"},{"taxonomy":"product_tag","embeddable":true,"href":"https:\/\/www.elmesias.es\/fr\/wp-json\/wp\/v2\/product_tag?post=3471"}],"curies":[{"name":"wp","href":"https:\/\/api.w.org\/{rel}","templated":true}]}}