{"id":3473,"date":"2024-10-28T16:47:56","date_gmt":"2024-10-28T15:47:56","guid":{"rendered":"https:\/\/www.elmesias.es\/producto\/bonbons-au-cafe-100-g\/"},"modified":"2024-10-28T16:47:56","modified_gmt":"2024-10-28T15:47:56","slug":"bonbons-au-cafe-100-g","status":"publish","type":"product","link":"https:\/\/www.elmesias.es\/fr\/producto\/bonbons-au-cafe-100-g\/","title":{"rendered":"Bonbons au caf\u00e9 &#8211; 100 g"},"content":{"rendered":"<p class=\"p1\"><i>Poids net : 100 g <\/i><\/p>\n<p class=\"p2\"><b><i>Prix<\/i><\/b><i> : 3,00 \u20ac\/unit\u00e9<\/i><\/p>\n<p class=\"p1\"><strong><span style=\"text-decoration: underline\"><span class=\"s1\">Ingr\u00e9dients<\/span><\/span><\/strong> : sucre, AMANDE, couverture de chocolat, p\u00e2te de caf\u00e9 (caf\u00e9, sucres, colorant E-150), sorbitol, conservateur (E-202).<\/p>\n","protected":false},"excerpt":{"rendered":"<p>Poids net : 100 g Prix : 3,00 \u20ac\/unit\u00e9 Ingr\u00e9dients : sucre, AMANDE, couverture de chocolat, p\u00e2te de caf\u00e9 (caf\u00e9, sucres, colorant E-150), sorbitol, conservateur (E-202).<\/p>\n","protected":false},"featured_media":2002,"comment_status":"closed","ping_status":"closed","template":"","meta":[],"product_brand":[],"product_cat":[74,82],"product_tag":[],"class_list":{"0":"post-3473","1":"product","2":"type-product","3":"status-publish","4":"has-post-thumbnail","6":"product_cat-lots-et-cadeaux","7":"product_cat-tortas-chocolats-et-massepains","9":"first","10":"instock","11":"shipping-taxable","12":"purchasable","13":"product-type-simple"},"_links":{"self":[{"href":"https:\/\/www.elmesias.es\/fr\/wp-json\/wp\/v2\/product\/3473","targetHints":{"allow":["GET"]}}],"collection":[{"href":"https:\/\/www.elmesias.es\/fr\/wp-json\/wp\/v2\/product"}],"about":[{"href":"https:\/\/www.elmesias.es\/fr\/wp-json\/wp\/v2\/types\/product"}],"replies":[{"embeddable":true,"href":"https:\/\/www.elmesias.es\/fr\/wp-json\/wp\/v2\/comments?post=3473"}],"wp:featuredmedia":[{"embeddable":true,"href":"https:\/\/www.elmesias.es\/fr\/wp-json\/wp\/v2\/media\/2002"}],"wp:attachment":[{"href":"https:\/\/www.elmesias.es\/fr\/wp-json\/wp\/v2\/media?parent=3473"}],"wp:term":[{"taxonomy":"product_brand","embeddable":true,"href":"https:\/\/www.elmesias.es\/fr\/wp-json\/wp\/v2\/product_brand?post=3473"},{"taxonomy":"product_cat","embeddable":true,"href":"https:\/\/www.elmesias.es\/fr\/wp-json\/wp\/v2\/product_cat?post=3473"},{"taxonomy":"product_tag","embeddable":true,"href":"https:\/\/www.elmesias.es\/fr\/wp-json\/wp\/v2\/product_tag?post=3473"}],"curies":[{"name":"wp","href":"https:\/\/api.w.org\/{rel}","templated":true}]}}