{"id":3475,"date":"2024-11-20T10:20:59","date_gmt":"2024-11-20T09:20:59","guid":{"rendered":"https:\/\/www.elmesias.es\/producto\/polvorones-aux-amandes-sans-gluten-300-g\/"},"modified":"2024-11-20T10:20:59","modified_gmt":"2024-11-20T09:20:59","slug":"polvorones-aux-amandes-sans-gluten-300-g","status":"publish","type":"product","link":"https:\/\/www.elmesias.es\/fr\/producto\/polvorones-aux-amandes-sans-gluten-300-g\/","title":{"rendered":"Polvorones aux Amandes Sans Gluten &#8211; 300 g"},"content":{"rendered":"<p><em>Env. 300 g <\/em><\/p>\n<p><strong><em>Prix<\/em><\/strong><em> : 5,00 \u20ac\/unit\u00e9<\/em><\/p>\n<p><em>Certification ELS<\/em><\/p>\n<p><u><strong>Ingr\u00e9dients<\/strong> :<\/u> Farine de pois chiche, sucre, graisse de porc (E-304 et E-306), cannelle et ar\u00f4me de citron. Peut contenir des traces de graines de s\u00e9same. <\/p>\n<p><strong><u>Informations nutritionnelles (100 g) :<\/u><\/strong><\/p>\n<ul>\n<li>Valeur \u00e9nerg\u00e9tique : 491 kcal\/2053 kJ<\/li>\n<li>Prot\u00e9ines : 4,9 g<\/li>\n<li>Glucides : 60 g<\/li>\n<li>Sucres : 23,4 g<\/li>\n<li>Mati\u00e8res grasses : 25,2 g<\/li>\n<li>Satur\u00e9es : 10,2 g<\/li>\n<li>Sel : 0,003 g<\/li>\n<\/ul>\n","protected":false},"excerpt":{"rendered":"<p>Env. 300 g Prix : 5,00 \u20ac\/unit\u00e9 Certification ELS Ingr\u00e9dients : Farine de pois chiche, sucre, graisse de porc (E-304 et E-306), cannelle et ar\u00f4me de citron. Peut contenir des traces de graines de s\u00e9same. Informations nutritionnelles (100 g) : Valeur \u00e9nerg\u00e9tique : 491 kcal\/2053 kJ Prot\u00e9ines : 4,9 g Glucides : 60 g Sucres<br \/><a class=\"moretag\" href=\"https:\/\/www.elmesias.es\/fr\/producto\/polvorones-aux-amandes-sans-gluten-300-g\/\">+ Read More<\/a><\/p>\n","protected":false},"featured_media":2053,"comment_status":"closed","ping_status":"closed","template":"","meta":[],"product_brand":[],"product_cat":[78,79,80,65],"product_tag":[],"class_list":{"0":"post-3475","1":"product","2":"type-product","3":"status-publish","4":"has-post-thumbnail","6":"product_cat-coffrets-campagne","7":"product_cat-navital-line-gamme-sante","8":"product_cat-navital-noel-plus-sain","9":"product_cat-non-classe","11":"first","12":"instock","13":"shipping-taxable","14":"purchasable","15":"product-type-simple"},"_links":{"self":[{"href":"https:\/\/www.elmesias.es\/fr\/wp-json\/wp\/v2\/product\/3475","targetHints":{"allow":["GET"]}}],"collection":[{"href":"https:\/\/www.elmesias.es\/fr\/wp-json\/wp\/v2\/product"}],"about":[{"href":"https:\/\/www.elmesias.es\/fr\/wp-json\/wp\/v2\/types\/product"}],"replies":[{"embeddable":true,"href":"https:\/\/www.elmesias.es\/fr\/wp-json\/wp\/v2\/comments?post=3475"}],"wp:featuredmedia":[{"embeddable":true,"href":"https:\/\/www.elmesias.es\/fr\/wp-json\/wp\/v2\/media\/2053"}],"wp:attachment":[{"href":"https:\/\/www.elmesias.es\/fr\/wp-json\/wp\/v2\/media?parent=3475"}],"wp:term":[{"taxonomy":"product_brand","embeddable":true,"href":"https:\/\/www.elmesias.es\/fr\/wp-json\/wp\/v2\/product_brand?post=3475"},{"taxonomy":"product_cat","embeddable":true,"href":"https:\/\/www.elmesias.es\/fr\/wp-json\/wp\/v2\/product_cat?post=3475"},{"taxonomy":"product_tag","embeddable":true,"href":"https:\/\/www.elmesias.es\/fr\/wp-json\/wp\/v2\/product_tag?post=3475"}],"curies":[{"name":"wp","href":"https:\/\/api.w.org\/{rel}","templated":true}]}}