{"id":3477,"date":"2024-10-24T10:59:15","date_gmt":"2024-10-24T08:59:15","guid":{"rendered":"https:\/\/www.elmesias.es\/producto\/mantecados-et-polvorones-sans-gluten-350-g\/"},"modified":"2024-10-24T10:59:15","modified_gmt":"2024-10-24T08:59:15","slug":"mantecados-et-polvorones-sans-gluten-350-g","status":"publish","type":"product","link":"https:\/\/www.elmesias.es\/fr\/producto\/mantecados-et-polvorones-sans-gluten-350-g\/","title":{"rendered":"Mantecados et Polvorones sans Gluten &#8211; 350 g"},"content":{"rendered":"<p class=\"p1\"><b>Mantecados et Polvorones sans Gluten<\/b><\/p>\n<p class=\"p1\"><i>\u00c9tui 350 g <\/i><\/p>\n<p class=\"p2\"><b><i>Prix<\/i><\/b><i> : 6,00 \u20ac\/unit\u00e9<\/i><\/p>\n<p class=\"p1\"><span style=\"text-decoration: underline\"><strong><span class=\"s1\">Caract\u00e9ristiques<\/span> :<\/strong><\/span> Mantecados et polvorones sans gluten, sans lactose et sans \u0153uf. Certification ELS. <\/p>\n<p class=\"p1\"><span style=\"text-decoration: underline\"><strong><span class=\"s1\">Ingr\u00e9dients :<\/span><\/strong><\/span><b> <\/b>Farine de pois chiche, sucre, graisse de porc (extrait de romarin), cannelle, S\u00c9SAME, ar\u00f4me de citron.<\/p>\n<p class=\"p1\"><span style=\"text-decoration: underline\"><strong><span class=\"s1\">Information<span class=\"Apple-converted-space\"> <\/span>nutritionnelle (100 g) :<\/span><\/strong><\/span><\/p>\n<ul class=\"ul1\">\n<li class=\"li1\">Valeur \u00e9nerg\u00e9tique : 505 kcal\/2113 kj<\/li>\n<li class=\"li1\">Graisses : 26,9 g<\/li>\n<li class=\"li1\">Satur\u00e9es : 10,3 g<\/li>\n<li class=\"li1\">Glucides : 59,1 g<\/li>\n<li class=\"li1\">Sucres : 24,5 g<\/li>\n<li class=\"li1\">Prot\u00e9ines : 5,6 g<\/li>\n<li class=\"li1\">Sel : 0 g<\/li>\n<\/ul>\n","protected":false},"excerpt":{"rendered":"<p>Mantecados et Polvorones sans Gluten \u00c9tui 350 g Prix : 6,00 \u20ac\/unit\u00e9 Caract\u00e9ristiques : Mantecados et polvorones sans gluten, sans lactose et sans \u0153uf. Certification ELS. Ingr\u00e9dients : Farine de pois chiche, sucre, graisse de porc (extrait de romarin), cannelle, S\u00c9SAME, ar\u00f4me de citron. Information nutritionnelle (100 g) : Valeur \u00e9nerg\u00e9tique : 505 kcal\/2113 kj<br \/><a class=\"moretag\" href=\"https:\/\/www.elmesias.es\/fr\/producto\/mantecados-et-polvorones-sans-gluten-350-g\/\">+ Read More<\/a><\/p>\n","protected":false},"featured_media":1963,"comment_status":"open","ping_status":"closed","template":"","meta":[],"product_brand":[],"product_cat":[78,79,80,65],"product_tag":[],"class_list":{"0":"post-3477","1":"product","2":"type-product","3":"status-publish","4":"has-post-thumbnail","6":"product_cat-coffrets-campagne","7":"product_cat-navital-line-gamme-sante","8":"product_cat-navital-noel-plus-sain","9":"product_cat-non-classe","11":"first","12":"instock","13":"shipping-taxable","14":"purchasable","15":"product-type-simple"},"_links":{"self":[{"href":"https:\/\/www.elmesias.es\/fr\/wp-json\/wp\/v2\/product\/3477","targetHints":{"allow":["GET"]}}],"collection":[{"href":"https:\/\/www.elmesias.es\/fr\/wp-json\/wp\/v2\/product"}],"about":[{"href":"https:\/\/www.elmesias.es\/fr\/wp-json\/wp\/v2\/types\/product"}],"replies":[{"embeddable":true,"href":"https:\/\/www.elmesias.es\/fr\/wp-json\/wp\/v2\/comments?post=3477"}],"wp:featuredmedia":[{"embeddable":true,"href":"https:\/\/www.elmesias.es\/fr\/wp-json\/wp\/v2\/media\/1963"}],"wp:attachment":[{"href":"https:\/\/www.elmesias.es\/fr\/wp-json\/wp\/v2\/media?parent=3477"}],"wp:term":[{"taxonomy":"product_brand","embeddable":true,"href":"https:\/\/www.elmesias.es\/fr\/wp-json\/wp\/v2\/product_brand?post=3477"},{"taxonomy":"product_cat","embeddable":true,"href":"https:\/\/www.elmesias.es\/fr\/wp-json\/wp\/v2\/product_cat?post=3477"},{"taxonomy":"product_tag","embeddable":true,"href":"https:\/\/www.elmesias.es\/fr\/wp-json\/wp\/v2\/product_tag?post=3477"}],"curies":[{"name":"wp","href":"https:\/\/api.w.org\/{rel}","templated":true}]}}