{"id":3482,"date":"2024-10-24T13:31:11","date_gmt":"2024-10-24T11:31:11","guid":{"rendered":"https:\/\/www.elmesias.es\/producto\/biscuits-a-lavoine-et-a-lanis-250-g\/"},"modified":"2024-10-24T13:31:11","modified_gmt":"2024-10-24T11:31:11","slug":"biscuits-a-lavoine-et-a-lanis-250-g","status":"publish","type":"product","link":"https:\/\/www.elmesias.es\/fr\/producto\/biscuits-a-lavoine-et-a-lanis-250-g\/","title":{"rendered":"Biscuits \u00e0 l\u2019avoine et \u00e0 l\u2019anis &#8211; 250 g"},"content":{"rendered":"<p class=\"p1\"><i>Env. 250 g <\/i><\/p>\n<p class=\"p1\"><b><i>Prix<\/i><\/b><i> : 3,45 \u20ac\/unit\u00e9<\/i><\/p>\n<p class=\"p1\"><strong><span style=\"text-decoration: underline\"><span class=\"s1\">Caract\u00e9ristiques :<\/span><\/span><\/strong> Biscuits \u00e0 l\u2019avoine et \u00e0 l\u2019anis \u00e0 l\u2019huile d\u2019olive vierge extra. Convient aux v\u00e9ganes. Certification CAAE.<\/p>\n<p class=\"p1\"><span style=\"text-decoration: underline\"><strong><span class=\"s1\">Ingr\u00e9dients :<\/span><\/strong><\/span><b> <\/b>FARINE D\u2019AVOINE (26 %), FARINE DE BL\u00c9, sucre de canne Golden, sucre panela, sirop d\u2019agave, eau, huile d\u2019olive vierge extra, huile de tournesol \u00e0 haute teneur en acide ol\u00e9ique, FLOCONS D\u2019AVOINE (4 %), ar\u00f4me d\u2019anis, cannelle, levure, sel. Peut contenir des traces d\u2019\u0153uf, d\u2019arachide, de soja, de lait, de fruits \u00e0 coque et de sulfites. <\/p>\n<p class=\"p1\">\u00c0 conserver dans un endroit frais et sec.<\/p>\n<p class=\"p1\"><span style=\"text-decoration: underline\"><strong><span class=\"s1\">Informations<span class=\"Apple-converted-space\">  <\/span>nutritionnelles (100 g) :<\/span><\/strong><\/span><\/p>\n<ul class=\"ul1\">\n<li class=\"li1\">Valeur \u00e9nerg\u00e9tique : 414 kcal\/1907 kJ<\/li>\n<li class=\"li1\">Mati\u00e8res grasses : 15,1 g<\/li>\n<li class=\"li1\">Dont satur\u00e9es : 2,22 g<\/li>\n<li class=\"li1\">Glucides : 48,1 g<\/li>\n<li class=\"li1\">Dont sucres : 22,1 g<\/li>\n<li class=\"li1\">Prot\u00e9ines : 5,6 g<\/li>\n<li class=\"li1\">Fibres : 7,1 g<\/li>\n<li class=\"li1\">Sel : 0,03 g<\/li>\n<\/ul>\n","protected":false},"excerpt":{"rendered":"<p>Env. 250 g Prix : 3,45 \u20ac\/unit\u00e9 Caract\u00e9ristiques : Biscuits \u00e0 l\u2019avoine et \u00e0 l\u2019anis \u00e0 l\u2019huile d\u2019olive vierge extra. Convient aux v\u00e9ganes. Certification CAAE. Ingr\u00e9dients : FARINE D\u2019AVOINE (26 %), FARINE DE BL\u00c9, sucre de canne Golden, sucre panela, sirop d\u2019agave, eau, huile d\u2019olive vierge extra, huile de tournesol \u00e0 haute teneur en acide<br \/><a class=\"moretag\" href=\"https:\/\/www.elmesias.es\/fr\/producto\/biscuits-a-lavoine-et-a-lanis-250-g\/\">+ Read More<\/a><\/p>\n","protected":false},"featured_media":1972,"comment_status":"open","ping_status":"closed","template":"","meta":[],"product_brand":[],"product_cat":[87,65],"product_tag":[],"class_list":{"0":"post-3482","1":"product","2":"type-product","3":"status-publish","4":"has-post-thumbnail","6":"product_cat-navital-line-biscuits-biologiques","7":"product_cat-non-classe","9":"first","10":"instock","11":"shipping-taxable","12":"purchasable","13":"product-type-simple"},"_links":{"self":[{"href":"https:\/\/www.elmesias.es\/fr\/wp-json\/wp\/v2\/product\/3482","targetHints":{"allow":["GET"]}}],"collection":[{"href":"https:\/\/www.elmesias.es\/fr\/wp-json\/wp\/v2\/product"}],"about":[{"href":"https:\/\/www.elmesias.es\/fr\/wp-json\/wp\/v2\/types\/product"}],"replies":[{"embeddable":true,"href":"https:\/\/www.elmesias.es\/fr\/wp-json\/wp\/v2\/comments?post=3482"}],"wp:featuredmedia":[{"embeddable":true,"href":"https:\/\/www.elmesias.es\/fr\/wp-json\/wp\/v2\/media\/1972"}],"wp:attachment":[{"href":"https:\/\/www.elmesias.es\/fr\/wp-json\/wp\/v2\/media?parent=3482"}],"wp:term":[{"taxonomy":"product_brand","embeddable":true,"href":"https:\/\/www.elmesias.es\/fr\/wp-json\/wp\/v2\/product_brand?post=3482"},{"taxonomy":"product_cat","embeddable":true,"href":"https:\/\/www.elmesias.es\/fr\/wp-json\/wp\/v2\/product_cat?post=3482"},{"taxonomy":"product_tag","embeddable":true,"href":"https:\/\/www.elmesias.es\/fr\/wp-json\/wp\/v2\/product_tag?post=3482"}],"curies":[{"name":"wp","href":"https:\/\/api.w.org\/{rel}","templated":true}]}}