{"id":3483,"date":"2024-10-24T13:54:14","date_gmt":"2024-10-24T11:54:14","guid":{"rendered":"https:\/\/www.elmesias.es\/producto\/mantecados-caseros-160-g\/"},"modified":"2024-10-24T13:54:14","modified_gmt":"2024-10-24T11:54:14","slug":"mantecados-caseros-160-g","status":"publish","type":"product","link":"https:\/\/www.elmesias.es\/fr\/producto\/mantecados-caseros-160-g\/","title":{"rendered":"Mantecados Caseros &#8211; 160 g"},"content":{"rendered":"<p class=\"p1\"><i>Est. 160 g <\/i><\/p>\n<p class=\"p1\"><b><i>Prix<\/i><\/b><i> : 1,30 \u20ac\/unit\u00e9<\/i><\/p>\n<p class=\"p1\"><i>Certifi\u00e9 IGP<\/i><\/p>\n<p class=\"p1\"><span style=\"text-decoration: underline\"><strong><span class=\"s1\">Ingr\u00e9dients :<\/span><\/strong><\/span> FARINE DE BL\u00c9, graisse de porc (extrait naturel de romarin et acide citrique), sucre, cannelle et S\u00c9SAME. Peut contenir des traces d&rsquo;\u0153ufs, d&rsquo;arachide, de soja, de lait, d&rsquo;autres fruits \u00e0 coque, de sulfites et de moutarde. \u00c0 conserver dans un endroit frais et sec.<\/p>\n<p class=\"p1\"><span style=\"text-decoration: underline\"><strong><span class=\"s1\">Informations<span class=\"Apple-converted-space\">  <\/span>nutritionnelles (100 g) :<\/span><\/strong><\/span><\/p>\n<ul class=\"ul1\">\n<li class=\"li1\">Valeur \u00e9nerg\u00e9tique : 482 kcal\/2015 kJ<\/li>\n<li class=\"li1\">Mati\u00e8res grasses : 24,65 g<\/li>\n<li class=\"li1\">Satur\u00e9es : 9,9 g<\/li>\n<li class=\"li1\">Glucides : 58,8 g<\/li>\n<li class=\"li1\">Sucres : 22,8 g<\/li>\n<li class=\"li1\">Prot\u00e9ines : 4,8 g<\/li>\n<li class=\"li1\">Sel : 0,004 g<\/li>\n<\/ul>\n","protected":false},"excerpt":{"rendered":"<p>Est. 160 g Prix : 1,30 \u20ac\/unit\u00e9 Certifi\u00e9 IGP Ingr\u00e9dients : FARINE DE BL\u00c9, graisse de porc (extrait naturel de romarin et acide citrique), sucre, cannelle et S\u00c9SAME. Peut contenir des traces d&rsquo;\u0153ufs, d&rsquo;arachide, de soja, de lait, d&rsquo;autres fruits \u00e0 coque, de sulfites et de moutarde. \u00c0 conserver dans un endroit frais et sec.<br \/><a class=\"moretag\" href=\"https:\/\/www.elmesias.es\/fr\/producto\/mantecados-caseros-160-g\/\">+ Read More<\/a><\/p>\n","protected":false},"featured_media":3058,"comment_status":"open","ping_status":"closed","template":"","meta":[],"product_brand":[],"product_cat":[74,76],"product_tag":[],"class_list":{"0":"post-3483","1":"product","2":"type-product","3":"status-publish","4":"has-post-thumbnail","6":"product_cat-lots-et-cadeaux","7":"product_cat-produits-traditionnels-emballage-noue","9":"first","10":"outofstock","11":"shipping-taxable","12":"purchasable","13":"product-type-simple"},"_links":{"self":[{"href":"https:\/\/www.elmesias.es\/fr\/wp-json\/wp\/v2\/product\/3483","targetHints":{"allow":["GET"]}}],"collection":[{"href":"https:\/\/www.elmesias.es\/fr\/wp-json\/wp\/v2\/product"}],"about":[{"href":"https:\/\/www.elmesias.es\/fr\/wp-json\/wp\/v2\/types\/product"}],"replies":[{"embeddable":true,"href":"https:\/\/www.elmesias.es\/fr\/wp-json\/wp\/v2\/comments?post=3483"}],"wp:featuredmedia":[{"embeddable":true,"href":"https:\/\/www.elmesias.es\/fr\/wp-json\/wp\/v2\/media\/3058"}],"wp:attachment":[{"href":"https:\/\/www.elmesias.es\/fr\/wp-json\/wp\/v2\/media?parent=3483"}],"wp:term":[{"taxonomy":"product_brand","embeddable":true,"href":"https:\/\/www.elmesias.es\/fr\/wp-json\/wp\/v2\/product_brand?post=3483"},{"taxonomy":"product_cat","embeddable":true,"href":"https:\/\/www.elmesias.es\/fr\/wp-json\/wp\/v2\/product_cat?post=3483"},{"taxonomy":"product_tag","embeddable":true,"href":"https:\/\/www.elmesias.es\/fr\/wp-json\/wp\/v2\/product_tag?post=3483"}],"curies":[{"name":"wp","href":"https:\/\/api.w.org\/{rel}","templated":true}]}}