{"id":3491,"date":"2024-11-20T15:29:49","date_gmt":"2024-11-20T14:29:49","guid":{"rendered":"https:\/\/www.elmesias.es\/producto\/chocoaritos-saveur-orange-100-g\/"},"modified":"2024-11-20T15:29:49","modified_gmt":"2024-11-20T14:29:49","slug":"chocoaritos-saveur-orange-100-g","status":"publish","type":"product","link":"https:\/\/www.elmesias.es\/fr\/producto\/chocoaritos-saveur-orange-100-g\/","title":{"rendered":"Chocoaritos saveur orange &#8211; 100 g"},"content":{"rendered":"<p><em>100 g <\/em><\/p>\n<p><strong><em>Prix<\/em><\/strong><em> : 1,15 \u20ac\/unit\u00e9<\/em><\/p>\n<p><strong><u>Ingr\u00e9dients :<\/u><\/strong> FARINE DE BL\u00c9, graisse de porc (extrait de romarin et acide citrique), sucre, couverture de chocolat (15 %) (sucre, graisse v\u00e9g\u00e9tale de palmiste, LACTOS\u00c9RUM en poudre, cacao en poudre d\u00e9graiss\u00e9, \u00e9mulsifiant : L\u00c9CITHINE DE SOJA et ar\u00f4me), cannelle et ar\u00f4me d\u2019orange. Peut contenir des traces d\u2019\u0153uf, d\u2019arachide, de soja, de lait, de fruits \u00e0 coque et de sulfites.  \u00c0 conserver dans un endroit frais et sec.<\/p>\n<p><strong><u>Informations nutritionnelles (100 g) :<\/u><\/strong><\/p>\n<ul>\n<li>Valeur \u00e9nerg\u00e9tique : 463 kcal\/1936 kJ<\/li>\n<li>Mati\u00e8res grasses : 24,7 g<\/li>\n<li>Dont acides gras satur\u00e9s : 10,9 g<\/li>\n<li>Glucides : 51 g<\/li>\n<li>Dont sucres : 16 g<\/li>\n<li>Prot\u00e9ines : 6,2 g<\/li>\n<li>Sel : 0,026 g<\/li>\n<\/ul>\n","protected":false},"excerpt":{"rendered":"<p>100 g Prix : 1,15 \u20ac\/unit\u00e9 Ingr\u00e9dients : FARINE DE BL\u00c9, graisse de porc (extrait de romarin et acide citrique), sucre, couverture de chocolat (15 %) (sucre, graisse v\u00e9g\u00e9tale de palmiste, LACTOS\u00c9RUM en poudre, cacao en poudre d\u00e9graiss\u00e9, \u00e9mulsifiant : L\u00c9CITHINE DE SOJA et ar\u00f4me), cannelle et ar\u00f4me d\u2019orange. Peut contenir des traces d\u2019\u0153uf, d\u2019arachide,<br \/><a class=\"moretag\" href=\"https:\/\/www.elmesias.es\/fr\/producto\/chocoaritos-saveur-orange-100-g\/\">+ Read More<\/a><\/p>\n","protected":false},"featured_media":2119,"comment_status":"closed","ping_status":"closed","template":"","meta":[],"product_brand":[],"product_cat":[74,82],"product_tag":[],"class_list":{"0":"post-3491","1":"product","2":"type-product","3":"status-publish","4":"has-post-thumbnail","6":"product_cat-lots-et-cadeaux","7":"product_cat-tortas-chocolats-et-massepains","9":"first","10":"outofstock","11":"shipping-taxable","12":"purchasable","13":"product-type-simple"},"_links":{"self":[{"href":"https:\/\/www.elmesias.es\/fr\/wp-json\/wp\/v2\/product\/3491","targetHints":{"allow":["GET"]}}],"collection":[{"href":"https:\/\/www.elmesias.es\/fr\/wp-json\/wp\/v2\/product"}],"about":[{"href":"https:\/\/www.elmesias.es\/fr\/wp-json\/wp\/v2\/types\/product"}],"replies":[{"embeddable":true,"href":"https:\/\/www.elmesias.es\/fr\/wp-json\/wp\/v2\/comments?post=3491"}],"wp:featuredmedia":[{"embeddable":true,"href":"https:\/\/www.elmesias.es\/fr\/wp-json\/wp\/v2\/media\/2119"}],"wp:attachment":[{"href":"https:\/\/www.elmesias.es\/fr\/wp-json\/wp\/v2\/media?parent=3491"}],"wp:term":[{"taxonomy":"product_brand","embeddable":true,"href":"https:\/\/www.elmesias.es\/fr\/wp-json\/wp\/v2\/product_brand?post=3491"},{"taxonomy":"product_cat","embeddable":true,"href":"https:\/\/www.elmesias.es\/fr\/wp-json\/wp\/v2\/product_cat?post=3491"},{"taxonomy":"product_tag","embeddable":true,"href":"https:\/\/www.elmesias.es\/fr\/wp-json\/wp\/v2\/product_tag?post=3491"}],"curies":[{"name":"wp","href":"https:\/\/api.w.org\/{rel}","templated":true}]}}