{"id":3493,"date":"2024-11-20T15:39:29","date_gmt":"2024-11-20T14:39:29","guid":{"rendered":"https:\/\/www.elmesias.es\/producto\/torta-chocolat-blanc-avec-perles-de-chocolat-amer-100-g\/"},"modified":"2024-11-20T15:39:29","modified_gmt":"2024-11-20T14:39:29","slug":"torta-chocolat-blanc-avec-perles-de-chocolat-amer-100-g","status":"publish","type":"product","link":"https:\/\/www.elmesias.es\/fr\/producto\/torta-chocolat-blanc-avec-perles-de-chocolat-amer-100-g\/","title":{"rendered":"Torta Chocolat Blanc avec Perles de Chocolat Amer &#8211; 100 g"},"content":{"rendered":"<p><em>Env. 100 g <\/em><\/p>\n<p><strong><em>Prix<\/em><\/strong><em> : 2,50 \u20ac\/unit\u00e9<\/em><\/p>\n<p><u>Ingr\u00e9dients<\/u> : chocolat blanc (sucre, huile et graisse v\u00e9g\u00e9tale (coco et tournesol), LACTOS\u00c9RUM, LAIT, L\u00c9CITHINE DE SOJA et ar\u00f4mes), perles de chocolat (10 %) (p\u00e2te de cacao, sucre, maltitol, dextrose, beurre de cacao, cacao maigre en poudre, \u00e9mulsifiant (l\u00e9cithine de tournesol) et E-476) et ar\u00f4me).<\/p>\n<p><u>Informations nutritionnelles (100 g) :<\/u><\/p>\n<ul>\n<li>Valeur \u00e9nerg\u00e9tique : 586 kcal<\/li>\n<li>Mati\u00e8res grasses : 39,0 g<\/li>\n<li>Satur\u00e9es : 35,0 g<\/li>\n<li>Glucides : 57,0 g<\/li>\n<li>Sucres : 51,9 g<\/li>\n<li>Prot\u00e9ines : 3,1 g<\/li>\n<li>Sel : 0 g<\/li>\n<\/ul>\n","protected":false},"excerpt":{"rendered":"<p>Env. 100 g Prix : 2,50 \u20ac\/unit\u00e9 Ingr\u00e9dients : chocolat blanc (sucre, huile et graisse v\u00e9g\u00e9tale (coco et tournesol), LACTOS\u00c9RUM, LAIT, L\u00c9CITHINE DE SOJA et ar\u00f4mes), perles de chocolat (10 %) (p\u00e2te de cacao, sucre, maltitol, dextrose, beurre de cacao, cacao maigre en poudre, \u00e9mulsifiant (l\u00e9cithine de tournesol) et E-476) et ar\u00f4me). Informations nutritionnelles (100<br \/><a class=\"moretag\" href=\"https:\/\/www.elmesias.es\/fr\/producto\/torta-chocolat-blanc-avec-perles-de-chocolat-amer-100-g\/\">+ Read More<\/a><\/p>\n","protected":false},"featured_media":2128,"comment_status":"closed","ping_status":"closed","template":"","meta":[],"product_brand":[],"product_cat":[74,82],"product_tag":[],"class_list":{"0":"post-3493","1":"product","2":"type-product","3":"status-publish","4":"has-post-thumbnail","6":"product_cat-lots-et-cadeaux","7":"product_cat-tortas-chocolats-et-massepains","9":"first","10":"instock","11":"shipping-taxable","12":"purchasable","13":"product-type-simple"},"_links":{"self":[{"href":"https:\/\/www.elmesias.es\/fr\/wp-json\/wp\/v2\/product\/3493","targetHints":{"allow":["GET"]}}],"collection":[{"href":"https:\/\/www.elmesias.es\/fr\/wp-json\/wp\/v2\/product"}],"about":[{"href":"https:\/\/www.elmesias.es\/fr\/wp-json\/wp\/v2\/types\/product"}],"replies":[{"embeddable":true,"href":"https:\/\/www.elmesias.es\/fr\/wp-json\/wp\/v2\/comments?post=3493"}],"wp:featuredmedia":[{"embeddable":true,"href":"https:\/\/www.elmesias.es\/fr\/wp-json\/wp\/v2\/media\/2128"}],"wp:attachment":[{"href":"https:\/\/www.elmesias.es\/fr\/wp-json\/wp\/v2\/media?parent=3493"}],"wp:term":[{"taxonomy":"product_brand","embeddable":true,"href":"https:\/\/www.elmesias.es\/fr\/wp-json\/wp\/v2\/product_brand?post=3493"},{"taxonomy":"product_cat","embeddable":true,"href":"https:\/\/www.elmesias.es\/fr\/wp-json\/wp\/v2\/product_cat?post=3493"},{"taxonomy":"product_tag","embeddable":true,"href":"https:\/\/www.elmesias.es\/fr\/wp-json\/wp\/v2\/product_tag?post=3493"}],"curies":[{"name":"wp","href":"https:\/\/api.w.org\/{rel}","templated":true}]}}