{"id":3497,"date":"2024-11-27T11:37:45","date_gmt":"2024-11-27T10:37:45","guid":{"rendered":"https:\/\/www.elmesias.es\/producto\/panellets-aux-pignons-500-g\/"},"modified":"2024-11-27T11:37:45","modified_gmt":"2024-11-27T10:37:45","slug":"panellets-aux-pignons-500-g","status":"publish","type":"product","link":"https:\/\/www.elmesias.es\/fr\/producto\/panellets-aux-pignons-500-g\/","title":{"rendered":"Panellets aux pignons &#8211; 500 g"},"content":{"rendered":"<p><em>Sachet de 500 g<\/em><\/p>\n<p><strong><em>Prix<\/em><\/strong><em>: 11,00 \u20ac\/sachet de 500 g<\/em><\/p>\n<p><em>Qualit\u00e9 Supr\u00eame<\/em><\/p>\n<p><strong><u>Ingr\u00e9dients :<\/u> <\/strong>AMANDE (45 %), sucre, patate douce, c\u00e9drat, sirop de glucose, PIGNONS, E 330 et E202. Peut contenir des traces de lait, soja, fruits \u00e0 coque, s\u00e9same et sulfites.<\/p>\n<p><strong><u>Informations nutritionnelles (100 g) :  <\/u><\/strong><\/p>\n<ul>\n<li>Valeur \u00e9nerg\u00e9tique : 429 kcal\/1794 kJ<\/li>\n<li>Mati\u00e8res grasses : 27,10 g<\/li>\n<li>Acides gras satur\u00e9s : 4,2 g<\/li>\n<li>Glucides : 37,4 g<\/li>\n<li>Sucres : 36,8 g<\/li>\n<li>Prot\u00e9ines : 11,6 g<\/li>\n<li>Sel : 0,05 g<\/li>\n<\/ul>\n","protected":false},"excerpt":{"rendered":"<p>Sachet de 500 g Prix: 11,00 \u20ac\/sachet de 500 g Qualit\u00e9 Supr\u00eame Ingr\u00e9dients : AMANDE (45 %), sucre, patate douce, c\u00e9drat, sirop de glucose, PIGNONS, E 330 et E202. Peut contenir des traces de lait, soja, fruits \u00e0 coque, s\u00e9same et sulfites. Informations nutritionnelles (100 g) : Valeur \u00e9nerg\u00e9tique : 429 kcal\/1794 kJ Mati\u00e8res grasses<br \/><a class=\"moretag\" href=\"https:\/\/www.elmesias.es\/fr\/producto\/panellets-aux-pignons-500-g\/\">+ Read More<\/a><\/p>\n","protected":false},"featured_media":2217,"comment_status":"closed","ping_status":"closed","template":"","meta":[],"product_brand":[],"product_cat":[72,66],"product_tag":[],"class_list":{"0":"post-3497","1":"product","2":"type-product","3":"status-publish","4":"has-post-thumbnail","6":"product_cat-petits-gateaux-de-massepain","7":"product_cat-vrac-et-sachets","9":"first","10":"instock","11":"shipping-taxable","12":"purchasable","13":"product-type-simple"},"_links":{"self":[{"href":"https:\/\/www.elmesias.es\/fr\/wp-json\/wp\/v2\/product\/3497","targetHints":{"allow":["GET"]}}],"collection":[{"href":"https:\/\/www.elmesias.es\/fr\/wp-json\/wp\/v2\/product"}],"about":[{"href":"https:\/\/www.elmesias.es\/fr\/wp-json\/wp\/v2\/types\/product"}],"replies":[{"embeddable":true,"href":"https:\/\/www.elmesias.es\/fr\/wp-json\/wp\/v2\/comments?post=3497"}],"wp:featuredmedia":[{"embeddable":true,"href":"https:\/\/www.elmesias.es\/fr\/wp-json\/wp\/v2\/media\/2217"}],"wp:attachment":[{"href":"https:\/\/www.elmesias.es\/fr\/wp-json\/wp\/v2\/media?parent=3497"}],"wp:term":[{"taxonomy":"product_brand","embeddable":true,"href":"https:\/\/www.elmesias.es\/fr\/wp-json\/wp\/v2\/product_brand?post=3497"},{"taxonomy":"product_cat","embeddable":true,"href":"https:\/\/www.elmesias.es\/fr\/wp-json\/wp\/v2\/product_cat?post=3497"},{"taxonomy":"product_tag","embeddable":true,"href":"https:\/\/www.elmesias.es\/fr\/wp-json\/wp\/v2\/product_tag?post=3497"}],"curies":[{"name":"wp","href":"https:\/\/api.w.org\/{rel}","templated":true}]}}