{"id":3498,"date":"2024-10-24T13:41:38","date_gmt":"2024-10-24T11:41:38","guid":{"rendered":"https:\/\/www.elmesias.es\/producto\/biscuits-a-lavoine-et-au-chocolat-250-g\/"},"modified":"2024-10-24T13:41:38","modified_gmt":"2024-10-24T11:41:38","slug":"biscuits-a-lavoine-et-au-chocolat-250-g","status":"publish","type":"product","link":"https:\/\/www.elmesias.es\/fr\/producto\/biscuits-a-lavoine-et-au-chocolat-250-g\/","title":{"rendered":"Biscuits \u00e0 l&rsquo;Avoine et au Chocolat &#8211; 250 g"},"content":{"rendered":"<p class=\"p1\"><i>250 g <\/i><\/p>\n<p class=\"p1\"><b><i>Prix<\/i><\/b><i> : 3,45 \u20ac\/unit\u00e9<\/i><\/p>\n<p class=\"p1\"><span style=\"text-decoration: underline\"><strong><span class=\"s1\">Caract\u00e9ristiques :<\/span><\/strong><\/span> Biscuits \u00e0 l&rsquo;Avoine et au Chocolat avec de l&rsquo;Huile d&rsquo;Olive Vierge Extra. Convient aux v\u00e9g\u00e9taliens. Certification CAAE.<\/p>\n<p class=\"p1\"><span style=\"text-decoration: underline\"><span class=\"s1\"><strong>Ingr\u00e9dients<\/strong> :<\/span><\/span><b> <\/b>FARINE D&rsquo;AVOINE (26 %), FARINE DE BL\u00c9, sucre de canne Golden, sucre panela, sirop d&rsquo;agave, eau, huile d&rsquo;olive vierge extra, huile de tournesol \u00e0 haute teneur en acide ol\u00e9ique, FLOCONS D&rsquo;AVOINE (4 %), cacao en poudre (3 %), cannelle, levure, sel. Peut contenir des traces d&rsquo;\u0153uf, d&rsquo;arachide, de soja, de lait, de fruits \u00e0 coque et de sulfites.  \u00c0 conserver dans un endroit frais et sec.<\/p>\n<p class=\"p1\"><span style=\"text-decoration: underline\"><strong><span class=\"s1\">Informations<span class=\"Apple-converted-space\"> <\/span>nutritionnelles (100 g) :<\/span><\/strong><\/span><\/p>\n<ul class=\"ul1\">\n<li class=\"li1\">Valeur \u00e9nerg\u00e9tique : 407 kcal\/1875 kJ<\/li>\n<li class=\"li1\">Mati\u00e8res grasses : 15,2 g<\/li>\n<li class=\"li1\">Acides gras satur\u00e9s : 2,18 g<\/li>\n<li class=\"li1\">Glucides : 47,1 g<\/li>\n<li class=\"li1\">Sucres : 22,5 g<\/li>\n<li class=\"li1\">Prot\u00e9ines : 5,6 g<\/li>\n<li class=\"li1\">Fibres : 10,2 g<\/li>\n<li class=\"li1\">Sel : 0,03 g<\/li>\n<\/ul>\n","protected":false},"excerpt":{"rendered":"<p>250 g Prix : 3,45 \u20ac\/unit\u00e9 Caract\u00e9ristiques : Biscuits \u00e0 l&rsquo;Avoine et au Chocolat avec de l&rsquo;Huile d&rsquo;Olive Vierge Extra. Convient aux v\u00e9g\u00e9taliens. Certification CAAE. Ingr\u00e9dients : FARINE D&rsquo;AVOINE (26 %), FARINE DE BL\u00c9, sucre de canne Golden, sucre panela, sirop d&rsquo;agave, eau, huile d&rsquo;olive vierge extra, huile de tournesol \u00e0 haute teneur en acide<br \/><a class=\"moretag\" href=\"https:\/\/www.elmesias.es\/fr\/producto\/biscuits-a-lavoine-et-au-chocolat-250-g\/\">+ Read More<\/a><\/p>\n","protected":false},"featured_media":1974,"comment_status":"open","ping_status":"closed","template":"","meta":[],"product_brand":[],"product_cat":[87,65],"product_tag":[],"class_list":{"0":"post-3498","1":"product","2":"type-product","3":"status-publish","4":"has-post-thumbnail","6":"product_cat-navital-line-biscuits-biologiques","7":"product_cat-non-classe","9":"first","10":"instock","11":"shipping-taxable","12":"purchasable","13":"product-type-simple"},"_links":{"self":[{"href":"https:\/\/www.elmesias.es\/fr\/wp-json\/wp\/v2\/product\/3498","targetHints":{"allow":["GET"]}}],"collection":[{"href":"https:\/\/www.elmesias.es\/fr\/wp-json\/wp\/v2\/product"}],"about":[{"href":"https:\/\/www.elmesias.es\/fr\/wp-json\/wp\/v2\/types\/product"}],"replies":[{"embeddable":true,"href":"https:\/\/www.elmesias.es\/fr\/wp-json\/wp\/v2\/comments?post=3498"}],"wp:featuredmedia":[{"embeddable":true,"href":"https:\/\/www.elmesias.es\/fr\/wp-json\/wp\/v2\/media\/1974"}],"wp:attachment":[{"href":"https:\/\/www.elmesias.es\/fr\/wp-json\/wp\/v2\/media?parent=3498"}],"wp:term":[{"taxonomy":"product_brand","embeddable":true,"href":"https:\/\/www.elmesias.es\/fr\/wp-json\/wp\/v2\/product_brand?post=3498"},{"taxonomy":"product_cat","embeddable":true,"href":"https:\/\/www.elmesias.es\/fr\/wp-json\/wp\/v2\/product_cat?post=3498"},{"taxonomy":"product_tag","embeddable":true,"href":"https:\/\/www.elmesias.es\/fr\/wp-json\/wp\/v2\/product_tag?post=3498"}],"curies":[{"name":"wp","href":"https:\/\/api.w.org\/{rel}","templated":true}]}}