{"id":3499,"date":"2024-11-20T10:38:57","date_gmt":"2024-11-20T09:38:57","guid":{"rendered":"https:\/\/www.elmesias.es\/producto\/biscuits-a-lavoine-et-a-lamande-140-g\/"},"modified":"2024-11-20T10:38:57","modified_gmt":"2024-11-20T09:38:57","slug":"biscuits-a-lavoine-et-a-lamande-140-g","status":"publish","type":"product","link":"https:\/\/www.elmesias.es\/fr\/producto\/biscuits-a-lavoine-et-a-lamande-140-g\/","title":{"rendered":"Biscuits \u00e0 l\u2019avoine et \u00e0 l\u2019amande &#8211; 140 g"},"content":{"rendered":"<p><em>Env. 140 g <\/em><\/p>\n<p><strong><em>Prix<\/em><\/strong><em> : 2,15 \u20ac\/unit\u00e9<\/em><\/p>\n<p><strong><u>Caract\u00e9ristiques :<\/u><\/strong> Biscuits \u00e0 l\u2019avoine et \u00e0 l\u2019amande \u00e0 l\u2019huile d\u2019olive vierge extra. Convient aux v\u00e9ganes. Certification CAAE.<\/p>\n<p><strong><u>Ingr\u00e9dients :<\/u><\/strong> FARINE D\u2019AVOINE (26 %), FARINE DE BL\u00c9, sucre de canne golden, sucre panela, sirop d\u2019agave, eau, huile d\u2019olive vierge extra, huile de tournesol haut ol\u00e9ique, AMANDE (6 %), FLOCONS D\u2019AVOINE (4 %), cannelle, levure, sel. Peut contenir des traces d\u2019\u0153uf, d\u2019arachide, de soja, de lait, de fruits \u00e0 coque et de sulfites.  \u00c0 conserver dans un endroit frais et sec.<\/p>\n<p><strong><u>Informations nutritionnelles (100 g) :<\/u><\/strong><\/p>\n<ul>\n<li>Valeur \u00e9nerg\u00e9tique : 437 kcal\/2013 kJ<\/li>\n<li>Mati\u00e8res grasses : 18,2 g<\/li>\n<li>Dont satur\u00e9es : 2,42 g<\/li>\n<li>Glucides : 47,1 g<\/li>\n<li>Dont sucres : 22,5 g<\/li>\n<li>Prot\u00e9ines : 5,8 g<\/li>\n<li>Fibres : 7,3 g<\/li>\n<li>Sel : 0,03 g<\/li>\n<\/ul>\n","protected":false},"excerpt":{"rendered":"<p>Env. 140 g Prix : 2,15 \u20ac\/unit\u00e9 Caract\u00e9ristiques : Biscuits \u00e0 l\u2019avoine et \u00e0 l\u2019amande \u00e0 l\u2019huile d\u2019olive vierge extra. Convient aux v\u00e9ganes. Certification CAAE. Ingr\u00e9dients : FARINE D\u2019AVOINE (26 %), FARINE DE BL\u00c9, sucre de canne golden, sucre panela, sirop d\u2019agave, eau, huile d\u2019olive vierge extra, huile de tournesol haut ol\u00e9ique, AMANDE (6 %),<br \/><a class=\"moretag\" href=\"https:\/\/www.elmesias.es\/fr\/producto\/biscuits-a-lavoine-et-a-lamande-140-g\/\">+ Read More<\/a><\/p>\n","protected":false},"featured_media":2064,"comment_status":"closed","ping_status":"closed","template":"","meta":[],"product_brand":[],"product_cat":[74,87,65,75],"product_tag":[],"class_list":{"0":"post-3499","1":"product","2":"type-product","3":"status-publish","4":"has-post-thumbnail","6":"product_cat-lots-et-cadeaux","7":"product_cat-navital-line-biscuits-biologiques","8":"product_cat-non-classe","9":"product_cat-produits-classiques-emballage-machine","11":"first","12":"outofstock","13":"shipping-taxable","14":"purchasable","15":"product-type-simple"},"_links":{"self":[{"href":"https:\/\/www.elmesias.es\/fr\/wp-json\/wp\/v2\/product\/3499","targetHints":{"allow":["GET"]}}],"collection":[{"href":"https:\/\/www.elmesias.es\/fr\/wp-json\/wp\/v2\/product"}],"about":[{"href":"https:\/\/www.elmesias.es\/fr\/wp-json\/wp\/v2\/types\/product"}],"replies":[{"embeddable":true,"href":"https:\/\/www.elmesias.es\/fr\/wp-json\/wp\/v2\/comments?post=3499"}],"wp:featuredmedia":[{"embeddable":true,"href":"https:\/\/www.elmesias.es\/fr\/wp-json\/wp\/v2\/media\/2064"}],"wp:attachment":[{"href":"https:\/\/www.elmesias.es\/fr\/wp-json\/wp\/v2\/media?parent=3499"}],"wp:term":[{"taxonomy":"product_brand","embeddable":true,"href":"https:\/\/www.elmesias.es\/fr\/wp-json\/wp\/v2\/product_brand?post=3499"},{"taxonomy":"product_cat","embeddable":true,"href":"https:\/\/www.elmesias.es\/fr\/wp-json\/wp\/v2\/product_cat?post=3499"},{"taxonomy":"product_tag","embeddable":true,"href":"https:\/\/www.elmesias.es\/fr\/wp-json\/wp\/v2\/product_tag?post=3499"}],"curies":[{"name":"wp","href":"https:\/\/api.w.org\/{rel}","templated":true}]}}