{"id":3511,"date":"2024-11-27T12:20:12","date_gmt":"2024-11-27T11:20:12","guid":{"rendered":"https:\/\/www.elmesias.es\/producto\/rockitas-crunch-2-kg\/"},"modified":"2024-11-27T12:20:12","modified_gmt":"2024-11-27T11:20:12","slug":"rockitas-crunch-2-kg","status":"publish","type":"product","link":"https:\/\/www.elmesias.es\/fr\/producto\/rockitas-crunch-2-kg\/","title":{"rendered":"Rockitas Crunch &#8211; 2 kg"},"content":{"rendered":"<p>Bo\u00eete de 2 kg<\/p>\n<p><strong><em>Prix<\/em><\/strong><em> : 28,00 \u20ac\/bo\u00eete de 2 kg<\/em><\/p>\n<p><strong><u>Ingr\u00e9dients :<\/u><\/strong> Enrobage au chocolat (sucre, graisse v\u00e9g\u00e9tale de palmiste, LACTOS\u00c9RUM en poudre, cacao maigre en poudre, \u00e9mulsifiant : L\u00c9CITHINE DE SOJA et ar\u00f4me), flocons de ma\u00efs, riz souffl\u00e9, amande, sucre et cannelle.<\/p>\n<p><strong><u>Informations nutritionnelles (100 g) :<\/u><\/strong><\/p>\n<ul>\n<li>Valeur \u00e9nerg\u00e9tique : 489 kcal<\/li>\n<li>Mati\u00e8res grasses : 22,4 g<\/li>\n<li>Acides gras satur\u00e9s : 10,0 g<\/li>\n<li>Glucides : 60,0 g<\/li>\n<li>Sucres : 42,1 g<\/li>\n<li>Prot\u00e9ines : 10,4 g<\/li>\n<li>Sel : 0,357 g<\/li>\n<\/ul>\n","protected":false},"excerpt":{"rendered":"<p>Bo\u00eete de 2 kg Prix : 28,00 \u20ac\/bo\u00eete de 2 kg Ingr\u00e9dients : Enrobage au chocolat (sucre, graisse v\u00e9g\u00e9tale de palmiste, LACTOS\u00c9RUM en poudre, cacao maigre en poudre, \u00e9mulsifiant : L\u00c9CITHINE DE SOJA et ar\u00f4me), flocons de ma\u00efs, riz souffl\u00e9, amande, sucre et cannelle. Informations nutritionnelles (100 g) : Valeur \u00e9nerg\u00e9tique : 489 kcal Mati\u00e8res<br \/><a class=\"moretag\" href=\"https:\/\/www.elmesias.es\/fr\/producto\/rockitas-crunch-2-kg\/\">+ Read More<\/a><\/p>\n","protected":false},"featured_media":2238,"comment_status":"closed","ping_status":"closed","template":"","meta":[],"product_brand":[],"product_cat":[71,66],"product_tag":[],"class_list":{"0":"post-3511","1":"product","2":"type-product","3":"status-publish","4":"has-post-thumbnail","6":"product_cat-chocolats-et-bonbons-assortis","7":"product_cat-vrac-et-sachets","9":"first","10":"instock","11":"shipping-taxable","12":"purchasable","13":"product-type-simple"},"_links":{"self":[{"href":"https:\/\/www.elmesias.es\/fr\/wp-json\/wp\/v2\/product\/3511","targetHints":{"allow":["GET"]}}],"collection":[{"href":"https:\/\/www.elmesias.es\/fr\/wp-json\/wp\/v2\/product"}],"about":[{"href":"https:\/\/www.elmesias.es\/fr\/wp-json\/wp\/v2\/types\/product"}],"replies":[{"embeddable":true,"href":"https:\/\/www.elmesias.es\/fr\/wp-json\/wp\/v2\/comments?post=3511"}],"wp:featuredmedia":[{"embeddable":true,"href":"https:\/\/www.elmesias.es\/fr\/wp-json\/wp\/v2\/media\/2238"}],"wp:attachment":[{"href":"https:\/\/www.elmesias.es\/fr\/wp-json\/wp\/v2\/media?parent=3511"}],"wp:term":[{"taxonomy":"product_brand","embeddable":true,"href":"https:\/\/www.elmesias.es\/fr\/wp-json\/wp\/v2\/product_brand?post=3511"},{"taxonomy":"product_cat","embeddable":true,"href":"https:\/\/www.elmesias.es\/fr\/wp-json\/wp\/v2\/product_cat?post=3511"},{"taxonomy":"product_tag","embeddable":true,"href":"https:\/\/www.elmesias.es\/fr\/wp-json\/wp\/v2\/product_tag?post=3511"}],"curies":[{"name":"wp","href":"https:\/\/api.w.org\/{rel}","templated":true}]}}