{"id":3512,"date":"2024-11-27T13:20:12","date_gmt":"2024-11-27T12:20:12","guid":{"rendered":"https:\/\/www.elmesias.es\/producto\/feuillete-fourre-au-cacao-500-g\/"},"modified":"2024-11-27T13:20:12","modified_gmt":"2024-11-27T12:20:12","slug":"feuillete-fourre-au-cacao-500-g","status":"publish","type":"product","link":"https:\/\/www.elmesias.es\/fr\/producto\/feuillete-fourre-au-cacao-500-g\/","title":{"rendered":"Feuillet\u00e9 fourr\u00e9 au cacao &#8211; 500 g"},"content":{"rendered":"<p><em>Sachet de 500 g  <\/em><\/p>\n<p><strong><em>Prix<\/em><\/strong><em> : 7,00 \u20ac\/sachet 500 g <\/em> <\/p>\n<p><strong><u>Ingr\u00e9dients :<\/u><\/strong> FARINE DE BL\u00c9, saindoux (saindoux de porc ib\u00e9rique et antioxydant E-320), margarine (graisse v\u00e9g\u00e9tale (palme), huiles v\u00e9g\u00e9tales (colza, palme), eau, sel, \u00e9mulsifiant (mono- et diglyc\u00e9rides d\u2019acides gras (E-471), esters polyglyc\u00e9riques d\u2019acides gras (E-475)), acidifiant (acide citrique (E-330)), conservateur (acide sorbique (E-200)), ar\u00f4me, colorant (b\u00eata-carot\u00e8ne (E-160), eau, fourrage au cacao (sucre ; graisse v\u00e9g\u00e9tale (palme, tournesol) en proportions variables ; cacao maigre en poudre 8,5 % ; amidon modifi\u00e9 ; amidon ; \u00e9mulsifiant : l\u00e9cithines (SOJA) ; p\u00e2te de NOISETTE ; ar\u00f4me ; vanilline), vin, sucre, sel, ar\u00f4me d\u2019orange et ar\u00f4me de vanille. Peut contenir des traces de graines de s\u00e9same.<\/p>\n<p><strong><u>Information nutritionnelle (100 g) :<\/u><\/strong><\/p>\n<ul>\n<li>Valeur \u00e9nerg\u00e9tique : 495 kcal\/2069 kJ<\/li>\n<li>Prot\u00e9ines : 4,95 g<\/li>\n<li>Glucides : 54,16 g<\/li>\n<li>Sucres : 25,5 g<\/li>\n<li>Mati\u00e8res grasses : 28,7 g<\/li>\n<li>Satur\u00e9es : 12,40 g<\/li>\n<li>Sel : 0,6 g<\/li>\n<\/ul>\n","protected":false},"excerpt":{"rendered":"<p>Sachet de 500 g Prix : 7,00 \u20ac\/sachet 500 g Ingr\u00e9dients : FARINE DE BL\u00c9, saindoux (saindoux de porc ib\u00e9rique et antioxydant E-320), margarine (graisse v\u00e9g\u00e9tale (palme), huiles v\u00e9g\u00e9tales (colza, palme), eau, sel, \u00e9mulsifiant (mono- et diglyc\u00e9rides d\u2019acides gras (E-471), esters polyglyc\u00e9riques d\u2019acides gras (E-475)), acidifiant (acide citrique (E-330)), conservateur (acide sorbique (E-200)), ar\u00f4me, colorant<br \/><a class=\"moretag\" href=\"https:\/\/www.elmesias.es\/fr\/producto\/feuillete-fourre-au-cacao-500-g\/\">+ Read More<\/a><\/p>\n","protected":false},"featured_media":2262,"comment_status":"closed","ping_status":"closed","template":"","meta":[],"product_brand":[],"product_cat":[67,66],"product_tag":[],"class_list":{"0":"post-3512","1":"product","2":"type-product","3":"status-publish","4":"has-post-thumbnail","6":"product_cat-specialites-aux-amandes-et-feuilletes-fourres","7":"product_cat-vrac-et-sachets","9":"first","10":"instock","11":"shipping-taxable","12":"purchasable","13":"product-type-simple"},"_links":{"self":[{"href":"https:\/\/www.elmesias.es\/fr\/wp-json\/wp\/v2\/product\/3512","targetHints":{"allow":["GET"]}}],"collection":[{"href":"https:\/\/www.elmesias.es\/fr\/wp-json\/wp\/v2\/product"}],"about":[{"href":"https:\/\/www.elmesias.es\/fr\/wp-json\/wp\/v2\/types\/product"}],"replies":[{"embeddable":true,"href":"https:\/\/www.elmesias.es\/fr\/wp-json\/wp\/v2\/comments?post=3512"}],"wp:featuredmedia":[{"embeddable":true,"href":"https:\/\/www.elmesias.es\/fr\/wp-json\/wp\/v2\/media\/2262"}],"wp:attachment":[{"href":"https:\/\/www.elmesias.es\/fr\/wp-json\/wp\/v2\/media?parent=3512"}],"wp:term":[{"taxonomy":"product_brand","embeddable":true,"href":"https:\/\/www.elmesias.es\/fr\/wp-json\/wp\/v2\/product_brand?post=3512"},{"taxonomy":"product_cat","embeddable":true,"href":"https:\/\/www.elmesias.es\/fr\/wp-json\/wp\/v2\/product_cat?post=3512"},{"taxonomy":"product_tag","embeddable":true,"href":"https:\/\/www.elmesias.es\/fr\/wp-json\/wp\/v2\/product_tag?post=3512"}],"curies":[{"name":"wp","href":"https:\/\/api.w.org\/{rel}","templated":true}]}}