{"id":3513,"date":"2024-11-27T13:16:23","date_gmt":"2024-11-27T12:16:23","guid":{"rendered":"https:\/\/www.elmesias.es\/producto\/feuillete-fourre-aux-cheveux-dange-500-g\/"},"modified":"2024-11-27T13:16:23","modified_gmt":"2024-11-27T12:16:23","slug":"feuillete-fourre-aux-cheveux-dange-500-g","status":"publish","type":"product","link":"https:\/\/www.elmesias.es\/fr\/producto\/feuillete-fourre-aux-cheveux-dange-500-g\/","title":{"rendered":"Feuillet\u00e9 fourr\u00e9 aux cheveux d\u2019ange &#8211; 500 g"},"content":{"rendered":"<p><em>Sachet 500 g<\/em><\/p>\n<p><strong><em>Prix<\/em><\/strong><em> : 7,00 \u20ac\/sachet 500 g <\/em> <\/p>\n<p><strong><u>Ingr\u00e9dients :<\/u><\/strong> FARINE DE BL\u00c9, graisse de porc, graisses v\u00e9g\u00e9tales (palme, SOJA, tournesol), cheveux d\u2019ange, vin, sucre et sel, ar\u00f4mes vanille et orange, E 471, E 330 et E 160. Peut contenir des traces d\u2019\u0153uf, d\u2019arachide, de lait, de fruits \u00e0 coque, de s\u00e9same et de sulfites. <\/p>\n<p><strong><u>Information nutritionnelle (100 g) :  <\/u><\/strong><\/p>\n<ul>\n<li>Valeur \u00e9nerg\u00e9tique : 560 kcal\/2335 kj<\/li>\n<li>Mati\u00e8res grasses : 37,8 g<\/li>\n<li>Satur\u00e9es : 16 g<\/li>\n<li>Glucides : 49,2 g<\/li>\n<li>Sucres : 7,9 g<\/li>\n<li>Prot\u00e9ines : 5,5 g<\/li>\n<li>Sel : 0,75 g<\/li>\n<\/ul>\n","protected":false},"excerpt":{"rendered":"<p>Sachet 500 g Prix : 7,00 \u20ac\/sachet 500 g Ingr\u00e9dients : FARINE DE BL\u00c9, graisse de porc, graisses v\u00e9g\u00e9tales (palme, SOJA, tournesol), cheveux d\u2019ange, vin, sucre et sel, ar\u00f4mes vanille et orange, E 471, E 330 et E 160. Peut contenir des traces d\u2019\u0153uf, d\u2019arachide, de lait, de fruits \u00e0 coque, de s\u00e9same et de<br \/><a class=\"moretag\" href=\"https:\/\/www.elmesias.es\/fr\/producto\/feuillete-fourre-aux-cheveux-dange-500-g\/\">+ Read More<\/a><\/p>\n","protected":false},"featured_media":2262,"comment_status":"closed","ping_status":"closed","template":"","meta":[],"product_brand":[],"product_cat":[67,66],"product_tag":[],"class_list":{"0":"post-3513","1":"product","2":"type-product","3":"status-publish","4":"has-post-thumbnail","6":"product_cat-specialites-aux-amandes-et-feuilletes-fourres","7":"product_cat-vrac-et-sachets","9":"first","10":"instock","11":"shipping-taxable","12":"purchasable","13":"product-type-simple"},"_links":{"self":[{"href":"https:\/\/www.elmesias.es\/fr\/wp-json\/wp\/v2\/product\/3513","targetHints":{"allow":["GET"]}}],"collection":[{"href":"https:\/\/www.elmesias.es\/fr\/wp-json\/wp\/v2\/product"}],"about":[{"href":"https:\/\/www.elmesias.es\/fr\/wp-json\/wp\/v2\/types\/product"}],"replies":[{"embeddable":true,"href":"https:\/\/www.elmesias.es\/fr\/wp-json\/wp\/v2\/comments?post=3513"}],"wp:featuredmedia":[{"embeddable":true,"href":"https:\/\/www.elmesias.es\/fr\/wp-json\/wp\/v2\/media\/2262"}],"wp:attachment":[{"href":"https:\/\/www.elmesias.es\/fr\/wp-json\/wp\/v2\/media?parent=3513"}],"wp:term":[{"taxonomy":"product_brand","embeddable":true,"href":"https:\/\/www.elmesias.es\/fr\/wp-json\/wp\/v2\/product_brand?post=3513"},{"taxonomy":"product_cat","embeddable":true,"href":"https:\/\/www.elmesias.es\/fr\/wp-json\/wp\/v2\/product_cat?post=3513"},{"taxonomy":"product_tag","embeddable":true,"href":"https:\/\/www.elmesias.es\/fr\/wp-json\/wp\/v2\/product_tag?post=3513"}],"curies":[{"name":"wp","href":"https:\/\/api.w.org\/{rel}","templated":true}]}}