{"id":3523,"date":"2024-11-27T13:56:34","date_gmt":"2024-11-27T12:56:34","guid":{"rendered":"https:\/\/www.elmesias.es\/producto\/assortiment-traditionnel-500-g\/"},"modified":"2024-11-27T13:56:34","modified_gmt":"2024-11-27T12:56:34","slug":"assortiment-traditionnel-500-g","status":"publish","type":"product","link":"https:\/\/www.elmesias.es\/fr\/producto\/assortiment-traditionnel-500-g\/","title":{"rendered":"Assortiment traditionnel &#8211; 500 g"},"content":{"rendered":"<p><em>Sachet de 500 g <\/em><\/p>\n<p><strong><em>Prix<\/em><\/strong><em> : 6,00 \u20ac \/ sachet 500 g <\/em> <\/p>\n<p>Certifi\u00e9 IGP<\/p>\n<p><strong><u>Ingr\u00e9dients<\/u>:<\/strong> FARINE DE BL\u00c9, graisse de porc (extrait de romarin et ac. citrique), sucre, vin (SULFITES), AMANDE, cannelle, cacao, S\u00c9SAME, anis vert, clou de girofle, vanilline et ar\u00f4me de citron. Peut contenir des traces d\u2019\u0153uf, d\u2019arachide, de soja, de lait, d\u2019autres fruits \u00e0 coque et de moutarde. \u00c0 conserver dans un endroit frais et sec.<\/p>\n<p><strong><u>Informations nutritionnelles (100 g) :<\/u><\/strong><\/p>\n<ul>\n<li>Valeur \u00e9nerg\u00e9tique : 494 kcal<\/li>\n<li>Mati\u00e8res grasses : 25,4 g<\/li>\n<li>Acides gras : 10,2 g<\/li>\n<li>Glucides : 59,8 g<\/li>\n<li>Sucres : 21,2 g<\/li>\n<li>Prot\u00e9ines : 5,2 g<\/li>\n<li>Sel : 0 g<\/li>\n<\/ul>\n","protected":false},"excerpt":{"rendered":"<p>Sachet de 500 g Prix : 6,00 \u20ac \/ sachet 500 g Certifi\u00e9 IGP Ingr\u00e9dients: FARINE DE BL\u00c9, graisse de porc (extrait de romarin et ac. citrique), sucre, vin (SULFITES), AMANDE, cannelle, cacao, S\u00c9SAME, anis vert, clou de girofle, vanilline et ar\u00f4me de citron. Peut contenir des traces d\u2019\u0153uf, d\u2019arachide, de soja, de lait, d\u2019autres<br \/><a class=\"moretag\" href=\"https:\/\/www.elmesias.es\/fr\/producto\/assortiment-traditionnel-500-g\/\">+ Read More<\/a><\/p>\n","protected":false},"featured_media":2199,"comment_status":"closed","ping_status":"closed","template":"","meta":[],"product_brand":[],"product_cat":[70,66],"product_tag":[],"class_list":{"0":"post-3523","1":"product","2":"type-product","3":"status-publish","4":"has-post-thumbnail","6":"product_cat-recette-traditionnelle-a-mono","7":"product_cat-vrac-et-sachets","9":"first","10":"instock","11":"shipping-taxable","12":"purchasable","13":"product-type-simple"},"_links":{"self":[{"href":"https:\/\/www.elmesias.es\/fr\/wp-json\/wp\/v2\/product\/3523","targetHints":{"allow":["GET"]}}],"collection":[{"href":"https:\/\/www.elmesias.es\/fr\/wp-json\/wp\/v2\/product"}],"about":[{"href":"https:\/\/www.elmesias.es\/fr\/wp-json\/wp\/v2\/types\/product"}],"replies":[{"embeddable":true,"href":"https:\/\/www.elmesias.es\/fr\/wp-json\/wp\/v2\/comments?post=3523"}],"wp:featuredmedia":[{"embeddable":true,"href":"https:\/\/www.elmesias.es\/fr\/wp-json\/wp\/v2\/media\/2199"}],"wp:attachment":[{"href":"https:\/\/www.elmesias.es\/fr\/wp-json\/wp\/v2\/media?parent=3523"}],"wp:term":[{"taxonomy":"product_brand","embeddable":true,"href":"https:\/\/www.elmesias.es\/fr\/wp-json\/wp\/v2\/product_brand?post=3523"},{"taxonomy":"product_cat","embeddable":true,"href":"https:\/\/www.elmesias.es\/fr\/wp-json\/wp\/v2\/product_cat?post=3523"},{"taxonomy":"product_tag","embeddable":true,"href":"https:\/\/www.elmesias.es\/fr\/wp-json\/wp\/v2\/product_tag?post=3523"}],"curies":[{"name":"wp","href":"https:\/\/api.w.org\/{rel}","templated":true}]}}